{"id":100,"date":"2023-04-28T18:45:59","date_gmt":"2023-04-28T21:45:59","guid":{"rendered":"https:\/\/swamitripurari.com.br\/?page_id=100"},"modified":"2023-06-11T16:00:55","modified_gmt":"2023-06-11T19:00:55","slug":"elementor-100","status":"publish","type":"page","link":"https:\/\/swamitripurari.com.br\/index.php\/elementor-100\/","title":{"rendered":"Contato"},"content":{"rendered":"\t\t<div data-elementor-type=\"wp-page\" data-elementor-id=\"100\" class=\"elementor elementor-100\">\n\t\t\t\t\t\t<section class=\"elementor-section elementor-top-section elementor-element elementor-element-914edfa elementor-section-boxed elementor-section-height-default elementor-section-height-default wpr-particle-no wpr-jarallax-no wpr-parallax-no wpr-sticky-section-no\" data-id=\"914edfa\" data-element_type=\"section\" data-e-type=\"section\" data-settings=\"{&quot;background_background&quot;:&quot;classic&quot;,&quot;shape_divider_bottom&quot;:&quot;opacity-fan&quot;}\">\n\t\t\t\t\t<div class=\"elementor-shape elementor-shape-bottom\" aria-hidden=\"true\" data-negative=\"false\">\n\t\t\t<svg xmlns=\"http:\/\/www.w3.org\/2000\/svg\" viewBox=\"0 0 283.5 19.6\" preserveAspectRatio=\"none\">\n\t<path class=\"elementor-shape-fill\" style=\"opacity:0.33\" d=\"M0 0L0 18.8 141.8 4.1 283.5 18.8 283.5 0z\"\/>\n\t<path class=\"elementor-shape-fill\" style=\"opacity:0.33\" d=\"M0 0L0 12.6 141.8 4 283.5 12.6 283.5 0z\"\/>\n\t<path class=\"elementor-shape-fill\" style=\"opacity:0.33\" d=\"M0 0L0 6.4 141.8 4 283.5 6.4 283.5 0z\"\/>\n\t<path class=\"elementor-shape-fill\" d=\"M0 0L0 1.2 141.8 4 283.5 1.2 283.5 0z\"\/>\n<\/svg>\t\t<\/div>\n\t\t\t\t\t<div class=\"elementor-container elementor-column-gap-default\">\n\t\t\t\t\t<div class=\"elementor-column elementor-col-100 elementor-top-column elementor-element elementor-element-d3040cd\" data-id=\"d3040cd\" data-element_type=\"column\" data-e-type=\"column\">\n\t\t\t<div class=\"elementor-widget-wrap elementor-element-populated\">\n\t\t\t\t\t\t<div class=\"elementor-element elementor-element-bc45c1b elementor-widget elementor-widget-text-editor\" data-id=\"bc45c1b\" data-element_type=\"widget\" data-e-type=\"widget\" data-widget_type=\"text-editor.default\">\n\t\t\t\t<div class=\"elementor-widget-container\">\n\t\t\t\t\t\t\t\t\t<p>Deixe aqui seus coment\u00e1rios, d\u00favidas ou sugest\u00f5es!&nbsp;<\/p>\t\t\t\t\t\t\t\t<\/div>\n\t\t\t\t<\/div>\n\t\t\t\t\t<\/div>\n\t\t<\/div>\n\t\t\t\t\t<\/div>\n\t\t<\/section>\n\t\t\t\t<section class=\"elementor-section elementor-top-section elementor-element elementor-element-23c26e5 elementor-section-boxed elementor-section-height-default elementor-section-height-default wpr-particle-no wpr-jarallax-no wpr-parallax-no wpr-sticky-section-no\" data-id=\"23c26e5\" data-element_type=\"section\" data-e-type=\"section\" data-settings=\"{&quot;background_background&quot;:&quot;classic&quot;,&quot;shape_divider_bottom&quot;:&quot;opacity-fan&quot;}\">\n\t\t\t\t\t<div class=\"elementor-shape elementor-shape-bottom\" aria-hidden=\"true\" data-negative=\"false\">\n\t\t\t<svg xmlns=\"http:\/\/www.w3.org\/2000\/svg\" viewBox=\"0 0 283.5 19.6\" preserveAspectRatio=\"none\">\n\t<path class=\"elementor-shape-fill\" style=\"opacity:0.33\" d=\"M0 0L0 18.8 141.8 4.1 283.5 18.8 283.5 0z\"\/>\n\t<path class=\"elementor-shape-fill\" style=\"opacity:0.33\" d=\"M0 0L0 12.6 141.8 4 283.5 12.6 283.5 0z\"\/>\n\t<path class=\"elementor-shape-fill\" style=\"opacity:0.33\" d=\"M0 0L0 6.4 141.8 4 283.5 6.4 283.5 0z\"\/>\n\t<path class=\"elementor-shape-fill\" d=\"M0 0L0 1.2 141.8 4 283.5 1.2 283.5 0z\"\/>\n<\/svg>\t\t<\/div>\n\t\t\t\t\t<div class=\"elementor-container elementor-column-gap-default\">\n\t\t\t\t\t<div class=\"elementor-column elementor-col-100 elementor-top-column elementor-element elementor-element-a93eb26\" data-id=\"a93eb26\" data-element_type=\"column\" data-e-type=\"column\">\n\t\t\t<div class=\"elementor-widget-wrap elementor-element-populated\">\n\t\t\t\t\t\t<div class=\"elementor-element elementor-element-f17a9c4 elementor-widget elementor-widget-wpforms\" data-id=\"f17a9c4\" data-element_type=\"widget\" data-e-type=\"widget\" data-widget_type=\"wpforms.default\">\n\t\t\t\t<div class=\"elementor-widget-container\">\n\t\t\t\t\t<div class=\"wpforms-container wpforms-container-full\" id=\"wpforms-102\"><form id=\"wpforms-form-102\" class=\"wpforms-validate wpforms-form wpforms-ajax-form\" data-formid=\"102\" method=\"post\" enctype=\"multipart\/form-data\" action=\"\/index.php\/wp-json\/wp\/v2\/pages\/100\" data-token=\"bf1ea7338f07c8031a10f185914184ea\" data-token-time=\"1776635523\"><noscript class=\"wpforms-error-noscript\">Please enable JavaScript in your browser to complete this form.<\/noscript><div class=\"wpforms-field-container\"><div id=\"wpforms-102-field_0-container\" class=\"wpforms-field wpforms-field-name\" data-field-id=\"0\"><label class=\"wpforms-field-label\" for=\"wpforms-102-field_0\">Nome <span class=\"wpforms-required-label\">*<\/span><\/label><input type=\"text\" id=\"wpforms-102-field_0\" class=\"wpforms-field-medium wpforms-field-required\" name=\"wpforms[fields][0]\" required><\/div><div id=\"wpforms-102-field_1-container\" class=\"wpforms-field wpforms-field-email\" data-field-id=\"1\"><label class=\"wpforms-field-label\" for=\"wpforms-102-field_1\">E-mail <span class=\"wpforms-required-label\">*<\/span><\/label><input type=\"email\" id=\"wpforms-102-field_1\" class=\"wpforms-field-medium wpforms-field-required\" name=\"wpforms[fields][1]\" spellcheck=\"false\" required><\/div><div id=\"wpforms-102-field_2-container\" class=\"wpforms-field wpforms-field-textarea\" data-field-id=\"2\"><label class=\"wpforms-field-label\" for=\"wpforms-102-field_2\">Coment\u00e1rio ou Mensagem<\/label><textarea id=\"wpforms-102-field_2\" class=\"wpforms-field-medium\" name=\"wpforms[fields][2]\" ><\/textarea><\/div><\/div><!-- .wpforms-field-container --><div class=\"wpforms-submit-container\" ><input type=\"hidden\" name=\"wpforms[id]\" value=\"102\"><input type=\"hidden\" name=\"page_title\" value=\"\"><input type=\"hidden\" name=\"page_url\" value=\"https:\/\/swamitripurari.com.br\/index.php\/wp-json\/wp\/v2\/pages\/100\"><input type=\"hidden\" name=\"url_referer\" value=\"https:\/\/swamitripurari.com.br\/index.php\/elementor-100\/\"><button type=\"submit\" name=\"wpforms[submit]\" id=\"wpforms-submit-102\" class=\"wpforms-submit\" data-alt-text=\"Enviando\u2026\" data-submit-text=\"Enviar\" aria-live=\"assertive\" value=\"wpforms-submit\">Enviar<\/button><img decoding=\"async\" src=\"https:\/\/swamitripurari.com.br\/wp-content\/plugins\/wpforms-lite\/assets\/images\/submit-spin.svg\" class=\"wpforms-submit-spinner\" style=\"display: none;\" width=\"26\" height=\"26\" alt=\"Loading\"><\/div><\/form><\/div>  <!-- .wpforms-container -->\t\t\t\t<\/div>\n\t\t\t\t<\/div>\n\t\t\t\t\t<\/div>\n\t\t<\/div>\n\t\t\t\t\t<\/div>\n\t\t<\/section>\n\t\t\t\t<\/div>\n\t\t","protected":false},"excerpt":{"rendered":"<p>Deixe aqui seus coment\u00e1rios, d\u00favidas ou sugest\u00f5es!&nbsp;<\/p>\n","protected":false},"author":2,"featured_media":0,"parent":0,"menu_order":0,"comment_status":"closed","ping_status":"closed","template":"","meta":{"footnotes":""},"class_list":["post-100","page","type-page","status-publish","hentry"],"yoast_head":"<!-- This site is optimized with the Yoast SEO plugin v27.3 - https:\/\/yoast.com\/product\/yoast-seo-wordpress\/ -->\n<title>Contato - Sw\u0101m\u012b B.V. Tripur\u0101ri<\/title>\n<meta name=\"robots\" content=\"index, follow, max-snippet:-1, max-image-preview:large, max-video-preview:-1\" \/>\n<link rel=\"canonical\" href=\"https:\/\/swamitripurari.com.br\/index.php\/elementor-100\/\" \/>\n<meta property=\"og:locale\" content=\"en_US\" \/>\n<meta property=\"og:type\" content=\"article\" \/>\n<meta property=\"og:title\" content=\"Contato - Sw\u0101m\u012b B.V. Tripur\u0101ri\" \/>\n<meta property=\"og:description\" content=\"Deixe aqui seus coment\u00e1rios, d\u00favidas ou sugest\u00f5es!&nbsp;\" \/>\n<meta property=\"og:url\" content=\"https:\/\/swamitripurari.com.br\/index.php\/elementor-100\/\" \/>\n<meta property=\"og:site_name\" content=\"Sw\u0101m\u012b B.V. Tripur\u0101ri\" \/>\n<meta property=\"article:modified_time\" content=\"2023-06-11T19:00:55+00:00\" \/>\n<meta name=\"twitter:card\" content=\"summary_large_image\" \/>\n<meta name=\"twitter:label1\" content=\"Est. reading time\" \/>\n\t<meta name=\"twitter:data1\" content=\"1 minute\" \/>\n<script type=\"application\/ld+json\" class=\"yoast-schema-graph\">{\"@context\":\"https:\\\/\\\/schema.org\",\"@graph\":[{\"@type\":\"WebPage\",\"@id\":\"https:\\\/\\\/swamitripurari.com.br\\\/index.php\\\/elementor-100\\\/\",\"url\":\"https:\\\/\\\/swamitripurari.com.br\\\/index.php\\\/elementor-100\\\/\",\"name\":\"Contato - Sw\u0101m\u012b B.V. Tripur\u0101ri\",\"isPartOf\":{\"@id\":\"https:\\\/\\\/swamitripurari.com.br\\\/#website\"},\"datePublished\":\"2023-04-28T21:45:59+00:00\",\"dateModified\":\"2023-06-11T19:00:55+00:00\",\"breadcrumb\":{\"@id\":\"https:\\\/\\\/swamitripurari.com.br\\\/index.php\\\/elementor-100\\\/#breadcrumb\"},\"inLanguage\":\"en-US\",\"potentialAction\":[{\"@type\":\"ReadAction\",\"target\":[\"https:\\\/\\\/swamitripurari.com.br\\\/index.php\\\/elementor-100\\\/\"]}]},{\"@type\":\"BreadcrumbList\",\"@id\":\"https:\\\/\\\/swamitripurari.com.br\\\/index.php\\\/elementor-100\\\/#breadcrumb\",\"itemListElement\":[{\"@type\":\"ListItem\",\"position\":1,\"name\":\"In\u00edcio\",\"item\":\"https:\\\/\\\/swamitripurari.com.br\\\/\"},{\"@type\":\"ListItem\",\"position\":2,\"name\":\"Contato\"}]},{\"@type\":\"WebSite\",\"@id\":\"https:\\\/\\\/swamitripurari.com.br\\\/#website\",\"url\":\"https:\\\/\\\/swamitripurari.com.br\\\/\",\"name\":\"Sw\u0101m\u012b B.V. Tripur\u0101ri\",\"description\":\"em Portugu\u00eas\",\"publisher\":{\"@id\":\"https:\\\/\\\/swamitripurari.com.br\\\/#\\\/schema\\\/person\\\/a1281092888d395323a1fdd49a08b635\"},\"potentialAction\":[{\"@type\":\"SearchAction\",\"target\":{\"@type\":\"EntryPoint\",\"urlTemplate\":\"https:\\\/\\\/swamitripurari.com.br\\\/?s={search_term_string}\"},\"query-input\":{\"@type\":\"PropertyValueSpecification\",\"valueRequired\":true,\"valueName\":\"search_term_string\"}}],\"inLanguage\":\"en-US\"},{\"@type\":[\"Person\",\"Organization\"],\"@id\":\"https:\\\/\\\/swamitripurari.com.br\\\/#\\\/schema\\\/person\\\/a1281092888d395323a1fdd49a08b635\",\"name\":\"swamitripurari.br@gmail.com\",\"image\":{\"@type\":\"ImageObject\",\"inLanguage\":\"en-US\",\"@id\":\"https:\\\/\\\/secure.gravatar.com\\\/avatar\\\/cad203b778ea38a43ccc414a4e66414fd63507677ed1365c1d88a0e2612c7da8?s=96&d=mm&r=g\",\"url\":\"https:\\\/\\\/secure.gravatar.com\\\/avatar\\\/cad203b778ea38a43ccc414a4e66414fd63507677ed1365c1d88a0e2612c7da8?s=96&d=mm&r=g\",\"contentUrl\":\"https:\\\/\\\/secure.gravatar.com\\\/avatar\\\/cad203b778ea38a43ccc414a4e66414fd63507677ed1365c1d88a0e2612c7da8?s=96&d=mm&r=g\",\"caption\":\"swamitripurari.br@gmail.com\"},\"logo\":{\"@id\":\"https:\\\/\\\/secure.gravatar.com\\\/avatar\\\/cad203b778ea38a43ccc414a4e66414fd63507677ed1365c1d88a0e2612c7da8?s=96&d=mm&r=g\"},\"sameAs\":[\"http:\\\/\\\/swamitripurari.com.br\"]}]}<\/script>\n<!-- \/ Yoast SEO plugin. -->","yoast_head_json":{"title":"Contato - Sw\u0101m\u012b B.V. Tripur\u0101ri","robots":{"index":"index","follow":"follow","max-snippet":"max-snippet:-1","max-image-preview":"max-image-preview:large","max-video-preview":"max-video-preview:-1"},"canonical":"https:\/\/swamitripurari.com.br\/index.php\/elementor-100\/","og_locale":"en_US","og_type":"article","og_title":"Contato - Sw\u0101m\u012b B.V. Tripur\u0101ri","og_description":"Deixe aqui seus coment\u00e1rios, d\u00favidas ou sugest\u00f5es!&nbsp;","og_url":"https:\/\/swamitripurari.com.br\/index.php\/elementor-100\/","og_site_name":"Sw\u0101m\u012b B.V. Tripur\u0101ri","article_modified_time":"2023-06-11T19:00:55+00:00","twitter_card":"summary_large_image","twitter_misc":{"Est. reading time":"1 minute"},"schema":{"@context":"https:\/\/schema.org","@graph":[{"@type":"WebPage","@id":"https:\/\/swamitripurari.com.br\/index.php\/elementor-100\/","url":"https:\/\/swamitripurari.com.br\/index.php\/elementor-100\/","name":"Contato - Sw\u0101m\u012b B.V. Tripur\u0101ri","isPartOf":{"@id":"https:\/\/swamitripurari.com.br\/#website"},"datePublished":"2023-04-28T21:45:59+00:00","dateModified":"2023-06-11T19:00:55+00:00","breadcrumb":{"@id":"https:\/\/swamitripurari.com.br\/index.php\/elementor-100\/#breadcrumb"},"inLanguage":"en-US","potentialAction":[{"@type":"ReadAction","target":["https:\/\/swamitripurari.com.br\/index.php\/elementor-100\/"]}]},{"@type":"BreadcrumbList","@id":"https:\/\/swamitripurari.com.br\/index.php\/elementor-100\/#breadcrumb","itemListElement":[{"@type":"ListItem","position":1,"name":"In\u00edcio","item":"https:\/\/swamitripurari.com.br\/"},{"@type":"ListItem","position":2,"name":"Contato"}]},{"@type":"WebSite","@id":"https:\/\/swamitripurari.com.br\/#website","url":"https:\/\/swamitripurari.com.br\/","name":"Sw\u0101m\u012b B.V. Tripur\u0101ri","description":"em Portugu\u00eas","publisher":{"@id":"https:\/\/swamitripurari.com.br\/#\/schema\/person\/a1281092888d395323a1fdd49a08b635"},"potentialAction":[{"@type":"SearchAction","target":{"@type":"EntryPoint","urlTemplate":"https:\/\/swamitripurari.com.br\/?s={search_term_string}"},"query-input":{"@type":"PropertyValueSpecification","valueRequired":true,"valueName":"search_term_string"}}],"inLanguage":"en-US"},{"@type":["Person","Organization"],"@id":"https:\/\/swamitripurari.com.br\/#\/schema\/person\/a1281092888d395323a1fdd49a08b635","name":"swamitripurari.br@gmail.com","image":{"@type":"ImageObject","inLanguage":"en-US","@id":"https:\/\/secure.gravatar.com\/avatar\/cad203b778ea38a43ccc414a4e66414fd63507677ed1365c1d88a0e2612c7da8?s=96&d=mm&r=g","url":"https:\/\/secure.gravatar.com\/avatar\/cad203b778ea38a43ccc414a4e66414fd63507677ed1365c1d88a0e2612c7da8?s=96&d=mm&r=g","contentUrl":"https:\/\/secure.gravatar.com\/avatar\/cad203b778ea38a43ccc414a4e66414fd63507677ed1365c1d88a0e2612c7da8?s=96&d=mm&r=g","caption":"swamitripurari.br@gmail.com"},"logo":{"@id":"https:\/\/secure.gravatar.com\/avatar\/cad203b778ea38a43ccc414a4e66414fd63507677ed1365c1d88a0e2612c7da8?s=96&d=mm&r=g"},"sameAs":["http:\/\/swamitripurari.com.br"]}]}},"_links":{"self":[{"href":"https:\/\/swamitripurari.com.br\/index.php\/wp-json\/wp\/v2\/pages\/100","targetHints":{"allow":["GET"]}}],"collection":[{"href":"https:\/\/swamitripurari.com.br\/index.php\/wp-json\/wp\/v2\/pages"}],"about":[{"href":"https:\/\/swamitripurari.com.br\/index.php\/wp-json\/wp\/v2\/types\/page"}],"author":[{"embeddable":true,"href":"https:\/\/swamitripurari.com.br\/index.php\/wp-json\/wp\/v2\/users\/2"}],"replies":[{"embeddable":true,"href":"https:\/\/swamitripurari.com.br\/index.php\/wp-json\/wp\/v2\/comments?post=100"}],"version-history":[{"count":34,"href":"https:\/\/swamitripurari.com.br\/index.php\/wp-json\/wp\/v2\/pages\/100\/revisions"}],"predecessor-version":[{"id":677,"href":"https:\/\/swamitripurari.com.br\/index.php\/wp-json\/wp\/v2\/pages\/100\/revisions\/677"}],"wp:attachment":[{"href":"https:\/\/swamitripurari.com.br\/index.php\/wp-json\/wp\/v2\/media?parent=100"}],"curies":[{"name":"wp","href":"https:\/\/api.w.org\/{rel}","templated":true}]}}