{"id":15,"date":"2023-03-17T17:14:09","date_gmt":"2023-03-17T20:14:09","guid":{"rendered":"https:\/\/swamitripurari.com.br\/?page_id=15"},"modified":"2023-06-11T18:10:15","modified_gmt":"2023-06-11T21:10:15","slug":"sobre","status":"publish","type":"page","link":"https:\/\/swamitripurari.com.br\/index.php\/sobre\/","title":{"rendered":"Sobre"},"content":{"rendered":"\t\t<div data-elementor-type=\"wp-page\" data-elementor-id=\"15\" class=\"elementor elementor-15\">\n\t\t\t\t\t\t<section class=\"elementor-section elementor-top-section elementor-element elementor-element-122c18f elementor-section-boxed elementor-section-height-default elementor-section-height-default wpr-particle-no wpr-jarallax-no wpr-parallax-no wpr-sticky-section-no\" data-id=\"122c18f\" data-element_type=\"section\" data-e-type=\"section\" data-settings=\"{&quot;background_background&quot;:&quot;classic&quot;,&quot;shape_divider_bottom&quot;:&quot;opacity-tilt&quot;}\">\n\t\t\t\t\t<div class=\"elementor-shape elementor-shape-bottom\" aria-hidden=\"true\" data-negative=\"false\">\n\t\t\t<svg xmlns=\"http:\/\/www.w3.org\/2000\/svg\" viewBox=\"0 0 2600 131.1\" preserveAspectRatio=\"none\">\n\t<path class=\"elementor-shape-fill\" d=\"M0 0L2600 0 2600 69.1 0 0z\"\/>\n\t<path class=\"elementor-shape-fill\" style=\"opacity:0.5\" d=\"M0 0L2600 0 2600 69.1 0 69.1z\"\/>\n\t<path class=\"elementor-shape-fill\" style=\"opacity:0.25\" d=\"M2600 0L0 0 0 130.1 2600 69.1z\"\/>\n<\/svg>\t\t<\/div>\n\t\t\t\t\t<div class=\"elementor-container elementor-column-gap-default\">\n\t\t\t\t\t<div class=\"elementor-column elementor-col-100 elementor-top-column elementor-element elementor-element-e618d17\" data-id=\"e618d17\" data-element_type=\"column\" data-e-type=\"column\">\n\t\t\t<div class=\"elementor-widget-wrap elementor-element-populated\">\n\t\t\t\t\t\t<div class=\"elementor-element elementor-element-d1b3e20 elementor-widget elementor-widget-spacer\" data-id=\"d1b3e20\" data-element_type=\"widget\" data-e-type=\"widget\" data-widget_type=\"spacer.default\">\n\t\t\t\t<div class=\"elementor-widget-container\">\n\t\t\t\t\t\t\t<div class=\"elementor-spacer\">\n\t\t\t<div class=\"elementor-spacer-inner\"><\/div>\n\t\t<\/div>\n\t\t\t\t\t\t<\/div>\n\t\t\t\t<\/div>\n\t\t\t\t\t<\/div>\n\t\t<\/div>\n\t\t\t\t\t<\/div>\n\t\t<\/section>\n\t\t\t\t<section class=\"elementor-section elementor-top-section elementor-element elementor-element-f0f7b08 elementor-section-boxed elementor-section-height-default elementor-section-height-default wpr-particle-no wpr-jarallax-no wpr-parallax-no wpr-sticky-section-no\" data-id=\"f0f7b08\" data-element_type=\"section\" data-e-type=\"section\" data-settings=\"{&quot;background_background&quot;:&quot;classic&quot;}\">\n\t\t\t\t\t\t<div class=\"elementor-container elementor-column-gap-default\">\n\t\t\t\t\t<div class=\"elementor-column elementor-col-100 elementor-top-column elementor-element elementor-element-6045199\" data-id=\"6045199\" data-element_type=\"column\" data-e-type=\"column\">\n\t\t\t<div class=\"elementor-widget-wrap elementor-element-populated\">\n\t\t\t\t\t\t<div class=\"elementor-element elementor-element-0c29b7c elementor-widget elementor-widget-text-editor\" data-id=\"0c29b7c\" data-element_type=\"widget\" data-e-type=\"widget\" data-widget_type=\"text-editor.default\">\n\t\t\t\t<div class=\"elementor-widget-container\">\n\t\t\t\t\t\t\t\t\t<p>Sw\u0101m\u012b B.V. Tripur\u0101ri \u00e9 um monge praticante do Gau\u1e0d\u012bya Vai\u1e63\u1e47avismo, uma tradi\u00e7\u00e3o do hindu\u00edsmo sobre o caminho da devo\u00e7\u00e3o a Deus (<em>bhakti-yoga<\/em>). Disc\u00edpulo de Srila Bhaktivedanta Swami Prabhupada e Srila Bhakti Raksaka Sridhara Deva Goswami, desde os anos 70\u00a0 Sw\u0101m\u012b Tripur\u0101ri viaja pelo mundo como um simples renunciado, aprendendo com os mais antigos no caminho e inspirando outros a cultivar a n\u00e3o-viol\u00eancia e a devo\u00e7\u00e3o atrav\u00e9s de seu exemplo. O Sw\u0101m\u012b oferece insights m\u00edsticos pr\u00e1ticos com sabedoria profunda e um sens\u00edvel cora\u00e7\u00e3o com devo\u00e7\u00e3o.\u00a0\u00a0<\/p><p>Saiba mais clicando abaixo:<\/p>\t\t\t\t\t\t\t\t<\/div>\n\t\t\t\t<\/div>\n\t\t\t\t\t<\/div>\n\t\t<\/div>\n\t\t\t\t\t<\/div>\n\t\t<\/section>\n\t\t\t\t<section class=\"elementor-section elementor-top-section elementor-element elementor-element-59d81cd elementor-section-boxed elementor-section-height-default elementor-section-height-default wpr-particle-no wpr-jarallax-no wpr-parallax-no wpr-sticky-section-no\" data-id=\"59d81cd\" data-element_type=\"section\" data-e-type=\"section\" data-settings=\"{&quot;background_background&quot;:&quot;classic&quot;}\">\n\t\t\t\t\t\t<div class=\"elementor-container elementor-column-gap-default\">\n\t\t\t\t\t<div class=\"elementor-column elementor-col-100 elementor-top-column elementor-element elementor-element-52fde4d\" data-id=\"52fde4d\" data-element_type=\"column\" data-e-type=\"column\">\n\t\t\t<div class=\"elementor-widget-wrap elementor-element-populated\">\n\t\t\t\t\t\t<div class=\"elementor-element elementor-element-0a24ffc elementor-widget elementor-widget-image\" data-id=\"0a24ffc\" data-element_type=\"widget\" data-e-type=\"widget\" data-widget_type=\"image.default\">\n\t\t\t\t<div class=\"elementor-widget-container\">\n\t\t\t\t\t\t\t\t\t\t\t\t\t\t\t\t<a href=\"https:\/\/swamitripurari.com.br\/index.php\/biografia\/\">\n\t\t\t\t\t\t\t<img fetchpriority=\"high\" decoding=\"async\" width=\"580\" height=\"232\" src=\"https:\/\/swamitripurari.com.br\/wp-content\/uploads\/2023\/05\/gm580-biografia-novo.jpg\" class=\"attachment-large size-large wp-image-242\" alt=\"\" srcset=\"https:\/\/swamitripurari.com.br\/wp-content\/uploads\/2023\/05\/gm580-biografia-novo.jpg 580w, https:\/\/swamitripurari.com.br\/wp-content\/uploads\/2023\/05\/gm580-biografia-novo-300x120.jpg 300w\" sizes=\"(max-width: 580px) 100vw, 580px\" \/>\t\t\t\t\t\t\t\t<\/a>\n\t\t\t\t\t\t\t\t\t\t\t\t\t\t\t<\/div>\n\t\t\t\t<\/div>\n\t\t\t\t\t<\/div>\n\t\t<\/div>\n\t\t\t\t\t<\/div>\n\t\t<\/section>\n\t\t\t\t<section class=\"elementor-section elementor-top-section elementor-element elementor-element-ca72668 elementor-section-boxed elementor-section-height-default elementor-section-height-default wpr-particle-no wpr-jarallax-no wpr-parallax-no wpr-sticky-section-no\" data-id=\"ca72668\" data-element_type=\"section\" data-e-type=\"section\" data-settings=\"{&quot;background_background&quot;:&quot;classic&quot;}\">\n\t\t\t\t\t\t<div class=\"elementor-container elementor-column-gap-default\">\n\t\t\t\t\t<div class=\"elementor-column elementor-col-100 elementor-top-column elementor-element elementor-element-1204da3\" data-id=\"1204da3\" data-element_type=\"column\" data-e-type=\"column\">\n\t\t\t<div class=\"elementor-widget-wrap elementor-element-populated\">\n\t\t\t\t\t\t<div class=\"elementor-element elementor-element-72caf67 elementor-widget elementor-widget-image\" data-id=\"72caf67\" data-element_type=\"widget\" data-e-type=\"widget\" data-widget_type=\"image.default\">\n\t\t\t\t<div class=\"elementor-widget-container\">\n\t\t\t\t\t\t\t\t\t\t\t\t\t\t\t\t<a href=\"https:\/\/swamitripurari.com.br\/index.php\/linhagem-espiritual\/\">\n\t\t\t\t\t\t\t<img decoding=\"async\" width=\"580\" height=\"232\" src=\"https:\/\/swamitripurari.com.br\/wp-content\/uploads\/2023\/05\/kavari580-linhagem-espiritual-novo.jpg\" class=\"attachment-large size-large wp-image-243\" alt=\"\" srcset=\"https:\/\/swamitripurari.com.br\/wp-content\/uploads\/2023\/05\/kavari580-linhagem-espiritual-novo.jpg 580w, https:\/\/swamitripurari.com.br\/wp-content\/uploads\/2023\/05\/kavari580-linhagem-espiritual-novo-300x120.jpg 300w\" sizes=\"(max-width: 580px) 100vw, 580px\" \/>\t\t\t\t\t\t\t\t<\/a>\n\t\t\t\t\t\t\t\t\t\t\t\t\t\t\t<\/div>\n\t\t\t\t<\/div>\n\t\t\t\t\t<\/div>\n\t\t<\/div>\n\t\t\t\t\t<\/div>\n\t\t<\/section>\n\t\t\t\t<section class=\"elementor-section elementor-top-section elementor-element elementor-element-e2e8be3 elementor-section-boxed elementor-section-height-default elementor-section-height-default wpr-particle-no wpr-jarallax-no wpr-parallax-no wpr-sticky-section-no\" data-id=\"e2e8be3\" data-element_type=\"section\" data-e-type=\"section\" data-settings=\"{&quot;background_background&quot;:&quot;classic&quot;}\">\n\t\t\t\t\t\t<div class=\"elementor-container elementor-column-gap-default\">\n\t\t\t\t\t<div class=\"elementor-column elementor-col-100 elementor-top-column elementor-element elementor-element-f6bcfb8\" data-id=\"f6bcfb8\" data-element_type=\"column\" data-e-type=\"column\">\n\t\t\t<div class=\"elementor-widget-wrap elementor-element-populated\">\n\t\t\t\t\t\t<div class=\"elementor-element elementor-element-53ce84f elementor-widget elementor-widget-image\" data-id=\"53ce84f\" data-element_type=\"widget\" data-e-type=\"widget\" data-widget_type=\"image.default\">\n\t\t\t\t<div class=\"elementor-widget-container\">\n\t\t\t\t\t\t\t\t\t\t\t\t\t\t\t\t<a href=\"https:\/\/swamitripurari.com.br\/index.php\/ensinamentos\/\" target=\"_blank\">\n\t\t\t\t\t\t\t<img decoding=\"async\" width=\"580\" height=\"232\" src=\"https:\/\/swamitripurari.com.br\/wp-content\/uploads\/2023\/05\/kavari2580-ensinamentos-novo.jpg\" class=\"attachment-large size-large wp-image-244\" alt=\"\" srcset=\"https:\/\/swamitripurari.com.br\/wp-content\/uploads\/2023\/05\/kavari2580-ensinamentos-novo.jpg 580w, https:\/\/swamitripurari.com.br\/wp-content\/uploads\/2023\/05\/kavari2580-ensinamentos-novo-300x120.jpg 300w\" sizes=\"(max-width: 580px) 100vw, 580px\" \/>\t\t\t\t\t\t\t\t<\/a>\n\t\t\t\t\t\t\t\t\t\t\t\t\t\t\t<\/div>\n\t\t\t\t<\/div>\n\t\t\t\t\t<\/div>\n\t\t<\/div>\n\t\t\t\t\t<\/div>\n\t\t<\/section>\n\t\t\t\t<section class=\"elementor-section elementor-top-section elementor-element elementor-element-92c6a70 elementor-section-boxed elementor-section-height-default elementor-section-height-default wpr-particle-no wpr-jarallax-no wpr-parallax-no wpr-sticky-section-no\" data-id=\"92c6a70\" data-element_type=\"section\" data-e-type=\"section\" data-settings=\"{&quot;background_background&quot;:&quot;classic&quot;,&quot;shape_divider_bottom&quot;:&quot;opacity-tilt&quot;}\">\n\t\t\t\t\t<div class=\"elementor-shape elementor-shape-bottom\" aria-hidden=\"true\" data-negative=\"false\">\n\t\t\t<svg xmlns=\"http:\/\/www.w3.org\/2000\/svg\" viewBox=\"0 0 2600 131.1\" preserveAspectRatio=\"none\">\n\t<path class=\"elementor-shape-fill\" d=\"M0 0L2600 0 2600 69.1 0 0z\"\/>\n\t<path class=\"elementor-shape-fill\" style=\"opacity:0.5\" d=\"M0 0L2600 0 2600 69.1 0 69.1z\"\/>\n\t<path class=\"elementor-shape-fill\" style=\"opacity:0.25\" d=\"M2600 0L0 0 0 130.1 2600 69.1z\"\/>\n<\/svg>\t\t<\/div>\n\t\t\t\t\t<div class=\"elementor-container elementor-column-gap-default\">\n\t\t\t\t\t<div class=\"elementor-column elementor-col-100 elementor-top-column elementor-element elementor-element-28de356\" data-id=\"28de356\" data-element_type=\"column\" data-e-type=\"column\">\n\t\t\t<div class=\"elementor-widget-wrap elementor-element-populated\">\n\t\t\t\t\t\t<div class=\"elementor-element elementor-element-6ced0d3 elementor-widget elementor-widget-spacer\" data-id=\"6ced0d3\" data-element_type=\"widget\" data-e-type=\"widget\" data-widget_type=\"spacer.default\">\n\t\t\t\t<div class=\"elementor-widget-container\">\n\t\t\t\t\t\t\t<div class=\"elementor-spacer\">\n\t\t\t<div class=\"elementor-spacer-inner\"><\/div>\n\t\t<\/div>\n\t\t\t\t\t\t<\/div>\n\t\t\t\t<\/div>\n\t\t\t\t\t<\/div>\n\t\t<\/div>\n\t\t\t\t\t<\/div>\n\t\t<\/section>\n\t\t\t\t<\/div>\n\t\t","protected":false},"excerpt":{"rendered":"<p>Sw\u0101m\u012b B.V. Tripur\u0101ri \u00e9 um monge praticante do Gau\u1e0d\u012bya Vai\u1e63\u1e47avismo, uma tradi\u00e7\u00e3o do hindu\u00edsmo sobre o caminho da devo\u00e7\u00e3o a Deus (bhakti-yoga). Disc\u00edpulo de Srila&hellip;<\/p>\n","protected":false},"author":2,"featured_media":0,"parent":0,"menu_order":0,"comment_status":"closed","ping_status":"closed","template":"","meta":{"footnotes":""},"class_list":["post-15","page","type-page","status-publish","hentry"],"yoast_head":"<!-- This site is optimized with the Yoast SEO plugin v27.3 - https:\/\/yoast.com\/product\/yoast-seo-wordpress\/ -->\n<title>Sobre - Sw\u0101m\u012b B.V. Tripur\u0101ri<\/title>\n<meta name=\"robots\" content=\"index, follow, max-snippet:-1, max-image-preview:large, max-video-preview:-1\" \/>\n<link rel=\"canonical\" href=\"https:\/\/swamitripurari.com.br\/index.php\/sobre\/\" \/>\n<meta property=\"og:locale\" content=\"en_US\" \/>\n<meta property=\"og:type\" content=\"article\" \/>\n<meta property=\"og:title\" content=\"Sobre - Sw\u0101m\u012b B.V. Tripur\u0101ri\" \/>\n<meta property=\"og:description\" content=\"Sw\u0101m\u012b B.V. Tripur\u0101ri \u00e9 um monge praticante do Gau\u1e0d\u012bya Vai\u1e63\u1e47avismo, uma tradi\u00e7\u00e3o do hindu\u00edsmo sobre o caminho da devo\u00e7\u00e3o a Deus (bhakti-yoga). Disc\u00edpulo de Srila&hellip;\" \/>\n<meta property=\"og:url\" content=\"https:\/\/swamitripurari.com.br\/index.php\/sobre\/\" \/>\n<meta property=\"og:site_name\" content=\"Sw\u0101m\u012b B.V. Tripur\u0101ri\" \/>\n<meta property=\"article:modified_time\" content=\"2023-06-11T21:10:15+00:00\" \/>\n<meta property=\"og:image\" content=\"http:\/\/swamitripurari.com.br\/wp-content\/uploads\/2023\/05\/gm580-biografia-novo.jpg\" \/>\n<meta name=\"twitter:card\" content=\"summary_large_image\" \/>\n<meta name=\"twitter:label1\" content=\"Est. reading time\" \/>\n\t<meta name=\"twitter:data1\" content=\"2 minutes\" \/>\n<script type=\"application\/ld+json\" class=\"yoast-schema-graph\">{\"@context\":\"https:\\\/\\\/schema.org\",\"@graph\":[{\"@type\":\"WebPage\",\"@id\":\"https:\\\/\\\/swamitripurari.com.br\\\/index.php\\\/sobre\\\/\",\"url\":\"https:\\\/\\\/swamitripurari.com.br\\\/index.php\\\/sobre\\\/\",\"name\":\"Sobre - Sw\u0101m\u012b B.V. Tripur\u0101ri\",\"isPartOf\":{\"@id\":\"https:\\\/\\\/swamitripurari.com.br\\\/#website\"},\"primaryImageOfPage\":{\"@id\":\"https:\\\/\\\/swamitripurari.com.br\\\/index.php\\\/sobre\\\/#primaryimage\"},\"image\":{\"@id\":\"https:\\\/\\\/swamitripurari.com.br\\\/index.php\\\/sobre\\\/#primaryimage\"},\"thumbnailUrl\":\"http:\\\/\\\/swamitripurari.com.br\\\/wp-content\\\/uploads\\\/2023\\\/05\\\/gm580-biografia-novo.jpg\",\"datePublished\":\"2023-03-17T20:14:09+00:00\",\"dateModified\":\"2023-06-11T21:10:15+00:00\",\"breadcrumb\":{\"@id\":\"https:\\\/\\\/swamitripurari.com.br\\\/index.php\\\/sobre\\\/#breadcrumb\"},\"inLanguage\":\"en-US\",\"potentialAction\":[{\"@type\":\"ReadAction\",\"target\":[\"https:\\\/\\\/swamitripurari.com.br\\\/index.php\\\/sobre\\\/\"]}]},{\"@type\":\"ImageObject\",\"inLanguage\":\"en-US\",\"@id\":\"https:\\\/\\\/swamitripurari.com.br\\\/index.php\\\/sobre\\\/#primaryimage\",\"url\":\"http:\\\/\\\/swamitripurari.com.br\\\/wp-content\\\/uploads\\\/2023\\\/05\\\/gm580-biografia-novo.jpg\",\"contentUrl\":\"http:\\\/\\\/swamitripurari.com.br\\\/wp-content\\\/uploads\\\/2023\\\/05\\\/gm580-biografia-novo.jpg\"},{\"@type\":\"BreadcrumbList\",\"@id\":\"https:\\\/\\\/swamitripurari.com.br\\\/index.php\\\/sobre\\\/#breadcrumb\",\"itemListElement\":[{\"@type\":\"ListItem\",\"position\":1,\"name\":\"In\u00edcio\",\"item\":\"https:\\\/\\\/swamitripurari.com.br\\\/\"},{\"@type\":\"ListItem\",\"position\":2,\"name\":\"Sobre\"}]},{\"@type\":\"WebSite\",\"@id\":\"https:\\\/\\\/swamitripurari.com.br\\\/#website\",\"url\":\"https:\\\/\\\/swamitripurari.com.br\\\/\",\"name\":\"Sw\u0101m\u012b B.V. Tripur\u0101ri\",\"description\":\"em Portugu\u00eas\",\"publisher\":{\"@id\":\"https:\\\/\\\/swamitripurari.com.br\\\/#\\\/schema\\\/person\\\/a1281092888d395323a1fdd49a08b635\"},\"potentialAction\":[{\"@type\":\"SearchAction\",\"target\":{\"@type\":\"EntryPoint\",\"urlTemplate\":\"https:\\\/\\\/swamitripurari.com.br\\\/?s={search_term_string}\"},\"query-input\":{\"@type\":\"PropertyValueSpecification\",\"valueRequired\":true,\"valueName\":\"search_term_string\"}}],\"inLanguage\":\"en-US\"},{\"@type\":[\"Person\",\"Organization\"],\"@id\":\"https:\\\/\\\/swamitripurari.com.br\\\/#\\\/schema\\\/person\\\/a1281092888d395323a1fdd49a08b635\",\"name\":\"swamitripurari.br@gmail.com\",\"image\":{\"@type\":\"ImageObject\",\"inLanguage\":\"en-US\",\"@id\":\"https:\\\/\\\/secure.gravatar.com\\\/avatar\\\/cad203b778ea38a43ccc414a4e66414fd63507677ed1365c1d88a0e2612c7da8?s=96&d=mm&r=g\",\"url\":\"https:\\\/\\\/secure.gravatar.com\\\/avatar\\\/cad203b778ea38a43ccc414a4e66414fd63507677ed1365c1d88a0e2612c7da8?s=96&d=mm&r=g\",\"contentUrl\":\"https:\\\/\\\/secure.gravatar.com\\\/avatar\\\/cad203b778ea38a43ccc414a4e66414fd63507677ed1365c1d88a0e2612c7da8?s=96&d=mm&r=g\",\"caption\":\"swamitripurari.br@gmail.com\"},\"logo\":{\"@id\":\"https:\\\/\\\/secure.gravatar.com\\\/avatar\\\/cad203b778ea38a43ccc414a4e66414fd63507677ed1365c1d88a0e2612c7da8?s=96&d=mm&r=g\"},\"sameAs\":[\"http:\\\/\\\/swamitripurari.com.br\"]}]}<\/script>\n<!-- \/ Yoast SEO plugin. -->","yoast_head_json":{"title":"Sobre - Sw\u0101m\u012b B.V. Tripur\u0101ri","robots":{"index":"index","follow":"follow","max-snippet":"max-snippet:-1","max-image-preview":"max-image-preview:large","max-video-preview":"max-video-preview:-1"},"canonical":"https:\/\/swamitripurari.com.br\/index.php\/sobre\/","og_locale":"en_US","og_type":"article","og_title":"Sobre - Sw\u0101m\u012b B.V. Tripur\u0101ri","og_description":"Sw\u0101m\u012b B.V. Tripur\u0101ri \u00e9 um monge praticante do Gau\u1e0d\u012bya Vai\u1e63\u1e47avismo, uma tradi\u00e7\u00e3o do hindu\u00edsmo sobre o caminho da devo\u00e7\u00e3o a Deus (bhakti-yoga). Disc\u00edpulo de Srila&hellip;","og_url":"https:\/\/swamitripurari.com.br\/index.php\/sobre\/","og_site_name":"Sw\u0101m\u012b B.V. Tripur\u0101ri","article_modified_time":"2023-06-11T21:10:15+00:00","og_image":[{"url":"http:\/\/swamitripurari.com.br\/wp-content\/uploads\/2023\/05\/gm580-biografia-novo.jpg","type":"","width":"","height":""}],"twitter_card":"summary_large_image","twitter_misc":{"Est. reading time":"2 minutes"},"schema":{"@context":"https:\/\/schema.org","@graph":[{"@type":"WebPage","@id":"https:\/\/swamitripurari.com.br\/index.php\/sobre\/","url":"https:\/\/swamitripurari.com.br\/index.php\/sobre\/","name":"Sobre - Sw\u0101m\u012b B.V. Tripur\u0101ri","isPartOf":{"@id":"https:\/\/swamitripurari.com.br\/#website"},"primaryImageOfPage":{"@id":"https:\/\/swamitripurari.com.br\/index.php\/sobre\/#primaryimage"},"image":{"@id":"https:\/\/swamitripurari.com.br\/index.php\/sobre\/#primaryimage"},"thumbnailUrl":"http:\/\/swamitripurari.com.br\/wp-content\/uploads\/2023\/05\/gm580-biografia-novo.jpg","datePublished":"2023-03-17T20:14:09+00:00","dateModified":"2023-06-11T21:10:15+00:00","breadcrumb":{"@id":"https:\/\/swamitripurari.com.br\/index.php\/sobre\/#breadcrumb"},"inLanguage":"en-US","potentialAction":[{"@type":"ReadAction","target":["https:\/\/swamitripurari.com.br\/index.php\/sobre\/"]}]},{"@type":"ImageObject","inLanguage":"en-US","@id":"https:\/\/swamitripurari.com.br\/index.php\/sobre\/#primaryimage","url":"http:\/\/swamitripurari.com.br\/wp-content\/uploads\/2023\/05\/gm580-biografia-novo.jpg","contentUrl":"http:\/\/swamitripurari.com.br\/wp-content\/uploads\/2023\/05\/gm580-biografia-novo.jpg"},{"@type":"BreadcrumbList","@id":"https:\/\/swamitripurari.com.br\/index.php\/sobre\/#breadcrumb","itemListElement":[{"@type":"ListItem","position":1,"name":"In\u00edcio","item":"https:\/\/swamitripurari.com.br\/"},{"@type":"ListItem","position":2,"name":"Sobre"}]},{"@type":"WebSite","@id":"https:\/\/swamitripurari.com.br\/#website","url":"https:\/\/swamitripurari.com.br\/","name":"Sw\u0101m\u012b B.V. Tripur\u0101ri","description":"em Portugu\u00eas","publisher":{"@id":"https:\/\/swamitripurari.com.br\/#\/schema\/person\/a1281092888d395323a1fdd49a08b635"},"potentialAction":[{"@type":"SearchAction","target":{"@type":"EntryPoint","urlTemplate":"https:\/\/swamitripurari.com.br\/?s={search_term_string}"},"query-input":{"@type":"PropertyValueSpecification","valueRequired":true,"valueName":"search_term_string"}}],"inLanguage":"en-US"},{"@type":["Person","Organization"],"@id":"https:\/\/swamitripurari.com.br\/#\/schema\/person\/a1281092888d395323a1fdd49a08b635","name":"swamitripurari.br@gmail.com","image":{"@type":"ImageObject","inLanguage":"en-US","@id":"https:\/\/secure.gravatar.com\/avatar\/cad203b778ea38a43ccc414a4e66414fd63507677ed1365c1d88a0e2612c7da8?s=96&d=mm&r=g","url":"https:\/\/secure.gravatar.com\/avatar\/cad203b778ea38a43ccc414a4e66414fd63507677ed1365c1d88a0e2612c7da8?s=96&d=mm&r=g","contentUrl":"https:\/\/secure.gravatar.com\/avatar\/cad203b778ea38a43ccc414a4e66414fd63507677ed1365c1d88a0e2612c7da8?s=96&d=mm&r=g","caption":"swamitripurari.br@gmail.com"},"logo":{"@id":"https:\/\/secure.gravatar.com\/avatar\/cad203b778ea38a43ccc414a4e66414fd63507677ed1365c1d88a0e2612c7da8?s=96&d=mm&r=g"},"sameAs":["http:\/\/swamitripurari.com.br"]}]}},"_links":{"self":[{"href":"https:\/\/swamitripurari.com.br\/index.php\/wp-json\/wp\/v2\/pages\/15","targetHints":{"allow":["GET"]}}],"collection":[{"href":"https:\/\/swamitripurari.com.br\/index.php\/wp-json\/wp\/v2\/pages"}],"about":[{"href":"https:\/\/swamitripurari.com.br\/index.php\/wp-json\/wp\/v2\/types\/page"}],"author":[{"embeddable":true,"href":"https:\/\/swamitripurari.com.br\/index.php\/wp-json\/wp\/v2\/users\/2"}],"replies":[{"embeddable":true,"href":"https:\/\/swamitripurari.com.br\/index.php\/wp-json\/wp\/v2\/comments?post=15"}],"version-history":[{"count":80,"href":"https:\/\/swamitripurari.com.br\/index.php\/wp-json\/wp\/v2\/pages\/15\/revisions"}],"predecessor-version":[{"id":716,"href":"https:\/\/swamitripurari.com.br\/index.php\/wp-json\/wp\/v2\/pages\/15\/revisions\/716"}],"wp:attachment":[{"href":"https:\/\/swamitripurari.com.br\/index.php\/wp-json\/wp\/v2\/media?parent=15"}],"curies":[{"name":"wp","href":"https:\/\/api.w.org\/{rel}","templated":true}]}}