{"id":282,"date":"2023-06-11T17:58:58","date_gmt":"2023-06-11T20:58:58","guid":{"rendered":"https:\/\/swamitripurari.com.br\/?page_id=282"},"modified":"2023-06-11T18:19:45","modified_gmt":"2023-06-11T21:19:45","slug":"ensinamentos","status":"publish","type":"page","link":"https:\/\/swamitripurari.com.br\/index.php\/sobre\/ensinamentos\/","title":{"rendered":"Ensinamentos"},"content":{"rendered":"\t\t<div data-elementor-type=\"wp-page\" data-elementor-id=\"282\" class=\"elementor elementor-282\">\n\t\t\t\t\t\t<section class=\"elementor-section elementor-top-section elementor-element elementor-element-1a64812 elementor-section-boxed elementor-section-height-default elementor-section-height-default wpr-particle-no wpr-jarallax-no wpr-parallax-no wpr-sticky-section-no\" data-id=\"1a64812\" data-element_type=\"section\" data-e-type=\"section\" data-settings=\"{&quot;background_background&quot;:&quot;classic&quot;,&quot;shape_divider_top&quot;:&quot;opacity-fan&quot;}\">\n\t\t\t\t\t<div class=\"elementor-shape elementor-shape-top\" aria-hidden=\"true\" data-negative=\"false\">\n\t\t\t<svg xmlns=\"http:\/\/www.w3.org\/2000\/svg\" viewBox=\"0 0 283.5 19.6\" preserveAspectRatio=\"none\">\n\t<path class=\"elementor-shape-fill\" style=\"opacity:0.33\" d=\"M0 0L0 18.8 141.8 4.1 283.5 18.8 283.5 0z\"\/>\n\t<path class=\"elementor-shape-fill\" style=\"opacity:0.33\" d=\"M0 0L0 12.6 141.8 4 283.5 12.6 283.5 0z\"\/>\n\t<path class=\"elementor-shape-fill\" style=\"opacity:0.33\" d=\"M0 0L0 6.4 141.8 4 283.5 6.4 283.5 0z\"\/>\n\t<path class=\"elementor-shape-fill\" d=\"M0 0L0 1.2 141.8 4 283.5 1.2 283.5 0z\"\/>\n<\/svg>\t\t<\/div>\n\t\t\t\t\t<div class=\"elementor-container elementor-column-gap-default\">\n\t\t\t\t\t<div class=\"elementor-column elementor-col-100 elementor-top-column elementor-element elementor-element-0bcf1b6\" data-id=\"0bcf1b6\" data-element_type=\"column\" data-e-type=\"column\">\n\t\t\t<div class=\"elementor-widget-wrap elementor-element-populated\">\n\t\t\t\t\t\t<div class=\"elementor-element elementor-element-bdbd6dc elementor-widget elementor-widget-image\" data-id=\"bdbd6dc\" data-element_type=\"widget\" data-e-type=\"widget\" data-widget_type=\"image.default\">\n\t\t\t\t<div class=\"elementor-widget-container\">\n\t\t\t\t\t\t\t\t\t\t\t\t\t\t\t<img fetchpriority=\"high\" decoding=\"async\" width=\"580\" height=\"232\" src=\"https:\/\/swamitripurari.com.br\/wp-content\/uploads\/2023\/05\/kavari2580-ensinamentos-novo.jpg\" class=\"attachment-large size-large wp-image-244\" alt=\"\" srcset=\"https:\/\/swamitripurari.com.br\/wp-content\/uploads\/2023\/05\/kavari2580-ensinamentos-novo.jpg 580w, https:\/\/swamitripurari.com.br\/wp-content\/uploads\/2023\/05\/kavari2580-ensinamentos-novo-300x120.jpg 300w\" sizes=\"(max-width: 580px) 100vw, 580px\" \/>\t\t\t\t\t\t\t\t\t\t\t\t\t\t\t<\/div>\n\t\t\t\t<\/div>\n\t\t\t\t\t<\/div>\n\t\t<\/div>\n\t\t\t\t\t<\/div>\n\t\t<\/section>\n\t\t\t\t<section class=\"elementor-section elementor-top-section elementor-element elementor-element-c61bc8d elementor-section-boxed elementor-section-height-default elementor-section-height-default wpr-particle-no wpr-jarallax-no wpr-parallax-no wpr-sticky-section-no\" data-id=\"c61bc8d\" data-element_type=\"section\" data-e-type=\"section\" data-settings=\"{&quot;background_background&quot;:&quot;classic&quot;,&quot;shape_divider_bottom&quot;:&quot;opacity-fan&quot;}\">\n\t\t\t\t\t<div class=\"elementor-shape elementor-shape-bottom\" aria-hidden=\"true\" data-negative=\"false\">\n\t\t\t<svg xmlns=\"http:\/\/www.w3.org\/2000\/svg\" viewBox=\"0 0 283.5 19.6\" preserveAspectRatio=\"none\">\n\t<path class=\"elementor-shape-fill\" style=\"opacity:0.33\" d=\"M0 0L0 18.8 141.8 4.1 283.5 18.8 283.5 0z\"\/>\n\t<path class=\"elementor-shape-fill\" style=\"opacity:0.33\" d=\"M0 0L0 12.6 141.8 4 283.5 12.6 283.5 0z\"\/>\n\t<path class=\"elementor-shape-fill\" style=\"opacity:0.33\" d=\"M0 0L0 6.4 141.8 4 283.5 6.4 283.5 0z\"\/>\n\t<path class=\"elementor-shape-fill\" d=\"M0 0L0 1.2 141.8 4 283.5 1.2 283.5 0z\"\/>\n<\/svg>\t\t<\/div>\n\t\t\t\t\t<div class=\"elementor-container elementor-column-gap-default\">\n\t\t\t\t\t<div class=\"elementor-column elementor-col-100 elementor-top-column elementor-element elementor-element-ce0ed3f\" data-id=\"ce0ed3f\" data-element_type=\"column\" data-e-type=\"column\">\n\t\t\t<div class=\"elementor-widget-wrap elementor-element-populated\">\n\t\t\t\t\t\t<div class=\"elementor-element elementor-element-2e191d7 elementor-widget elementor-widget-text-editor\" data-id=\"2e191d7\" data-element_type=\"widget\" data-e-type=\"widget\" data-widget_type=\"text-editor.default\">\n\t\t\t\t<div class=\"elementor-widget-container\">\n\t\t\t\t\t\t\t\t\t<p class=\"western\" lang=\"pt-BR\" align=\"JUSTIFY\"><span style=\"color: #000000;\"><span style=\"font-family: Arial, sans-serif;\"><span style=\"font-size: medium;\">\u00c9 somente ap\u00f3s uma prolongada evolu\u00e7\u00e3o de consci\u00eancia, atrav\u00e9s de formas de vida correspondentes, que nos tornamos conscientes sobre n\u00f3s. Essa consci\u00eancia ocorre na vida humana. A vida humana \u00e9, portanto, a oportunidade de conhecer-se \u2013 de tomar consci\u00eancia do quanto um existe. Na evolu\u00e7\u00e3o da consci\u00eancia, a vida humana representa o momento em que a natureza acorda para o fato de que tem uma alma.<\/span><\/span><\/span><\/p><p class=\"western\" lang=\"pt-BR\" align=\"JUSTIFY\"><span style=\"color: #000000;\"><span style=\"font-family: Arial, sans-serif;\"><span style=\"font-size: medium;\">A \u00e2nsia natural da alma \u00e9 buscar sua verdadeira natureza. Em nossa busca, devemos transcender o sentido contra\u00eddo de eu que \u00e9 centrado em nossos corpo e mente materiais e ultrapassar o ego\u00edsmo que est\u00e1 inevitavelmente amarrado a essa falsa identifica\u00e7\u00e3o com a mat\u00e9ria. Assim vamos encontrar um sentido expandido de eu que surge do sacrif\u00edcio do nosso eu inferior \u2013 nosso eu indulgente \u2013 em busca de amor. Deixando de lado o que n\u00e3o \u00e9 amor, encontramos o nosso eu aut\u00eantico.<\/span><\/span><\/span><\/p><p class=\"western\" lang=\"pt-BR\" align=\"JUSTIFY\"><span style=\"color: #000000;\"><span style=\"font-family: Arial, sans-serif;\"><span style=\"font-size: medium;\">N\u00f3s n\u00e3o completamos nossa busca ainda, por\u00e9m. Amar ou entregar incondicionalmente exige algu\u00e9m que possa aceitar amor sem reservas. N\u00e3o podemos entregar ilimitadamente para algu\u00e9m que \u00e9 limitado em termos do quanto de amor pode aceitar. Ent\u00e3o qual o objeto perfeito do amor? N\u00e3o pode ser nada encontrado no mundo natural, onde todos objetos est\u00e3o aqui hoje mas n\u00e3o amanh\u00e3. N\u00e3o pode ser tamb\u00e9m nenhuma unidade individual de consci\u00eancia, especialmente as sujeitas \u00e0 condi\u00e7\u00e3o de se identificar erroneamente com a mat\u00e9ria. O objeto perfeito do amor deve, como seu amante, ser similarmente constitu\u00eddo de consci\u00eancia, mas n\u00e3o propenso \u00e0 explora\u00e7\u00e3o material.<\/span><\/span><\/span><\/p><p class=\"western\" lang=\"pt-BR\" align=\"JUSTIFY\"><span style=\"color: #000000;\"><span style=\"font-family: Arial, sans-serif;\"><span style=\"font-size: medium;\">Apesar de Deus ser o reservat\u00f3rio de consci\u00eancia, Deus pode aceitar amor ilimitado, e sendo a raiz das exist\u00eancias material e espiritual, a satisfa\u00e7\u00e3o de Deus nutre a totalidade da exist\u00eancia. Amor por Deus \u00e9 tipicamente reverencial; mas amor reverencial n\u00e3o \u00e9 o \u00fanico tipo de amor. E nem necessariamente o amor reverencial \u00e9 a forma mais completa de amor, que pode ser avaliada em termos da intimidade que permite ao amante e ao amado \u2013 a proximidade e sentimento de identidade de um com o outro que proporciona. Ent\u00e3o, nossa busca pelo objeto perfeito do amor nos leva a algum lugar al\u00e9m de Deus, ou al\u00e9m da no\u00e7\u00e3o comum de Deus. Nos leva a um conhecedor de amor capaz de abra\u00e7ar todas as formas de amor, n\u00e3o apenas amor reverencial e servid\u00e3o passivos, mas tamb\u00e9m amor fraterno, familiar e \u00edntimo.<\/span><\/span><\/span><\/p><p class=\"western\" lang=\"pt-BR\" align=\"JUSTIFY\"><span style=\"color: #000000;\"><span style=\"font-family: Arial, sans-serif;\"><span style=\"font-size: medium;\">Aqui entra Sri Caitanya para nos apontar a dire\u00e7\u00e3o certa. Ele aponta para Krishna, o objeto perfeito do amar, que \u00e9 adorado como amigo, filho, ou amante de seus devotos. A distin\u00e7\u00e3o entre n\u00f3s e Deus \u2013 a dist\u00e2ncia entre os dois em auto-sacrif\u00edcio \u2013 \u00e9 quebrada no auto esquecimento do amor transcendental que Sri Caitanya exemplificou, um amor dotado com a intensidade com a qual um amante ama seu amado.<\/span><\/span><\/span><\/p><p class=\"western\" lang=\"pt-BR\" align=\"JUSTIFY\"><span style=\"color: #000000;\"><span style=\"font-family: Arial, sans-serif;\"><span style=\"font-size: medium;\">Assim como amigos e membros familiares esquecem de si mesmos quando est\u00e3o em suas companhias amorosas, quando o amor perfeito \u00e9 realizado, o auto esquecimento acontece. Krishna \u00e9 Deus em esquecimento dele pr\u00f3prio sob a influ\u00eancia do amor de seu devoto. Tal amor acontece no plano em que a alma finita e a infinita se encontram em uma intimidade que assume uma apar\u00eancia finita para facilitar a initimidade. Assim, o Absoluto aparece como Krishna, o vaqueiro pastoril e conhecedor do amor.<\/span><\/span><\/span><\/p><p class=\"western\" lang=\"pt-BR\" align=\"JUSTIFY\"><span style=\"color: #000000;\"><span style=\"font-family: Arial, sans-serif;\"><span style=\"font-size: medium;\">Sri Caitanya ensina que esse plano de exist\u00eancia transcendental \u00e9 ating\u00edvel em nossa forma de vida humana presente. Precisamos somente combinar a vida humana com associa\u00e7\u00e3o santa, e, em tal associa\u00e7\u00e3o, aprender a arte de amar a Krishna. Tal amor por Krishna \u00e9 desprovido de qualquer motivo material ego\u00edsta e \u00e9 ininterrupto mesmo por seu subproduto que \u00e9 a ilumina\u00e7\u00e3o. \u00c9 realizado nos termos de Krishna, e sua express\u00e3o prim\u00e1ria \u2013 tanto em termos de pr\u00e1tica espiritual quanto de perfei\u00e7\u00e3o espiritual \u2013 \u00e9 recitar o santo nome de Sri Krishna. <\/span><\/span><\/span><\/p><p class=\"western\" lang=\"pt-BR\" align=\"JUSTIFY\"><span style=\"color: #000000;\"><span style=\"font-family: Arial, sans-serif;\"><span style=\"font-size: medium;\">(Artigo original em <a href=\"http:\/\/swamitripurari.com\/2009\/09\/teachings\/\">http:\/\/swamitripurari.com\/2009\/09\/teachings\/<\/a>)<\/span><\/span><\/span><\/p>\t\t\t\t\t\t\t\t<\/div>\n\t\t\t\t<\/div>\n\t\t\t\t\t<\/div>\n\t\t<\/div>\n\t\t\t\t\t<\/div>\n\t\t<\/section>\n\t\t\t\t<section class=\"elementor-section elementor-top-section elementor-element elementor-element-ef33380 elementor-section-boxed elementor-section-height-default elementor-section-height-default wpr-particle-no wpr-jarallax-no wpr-parallax-no wpr-sticky-section-no\" data-id=\"ef33380\" data-element_type=\"section\" data-e-type=\"section\">\n\t\t\t\t\t\t<div class=\"elementor-container elementor-column-gap-default\">\n\t\t\t\t\t<div class=\"elementor-column elementor-col-50 elementor-top-column elementor-element elementor-element-861a435\" data-id=\"861a435\" data-element_type=\"column\" data-e-type=\"column\">\n\t\t\t<div class=\"elementor-widget-wrap elementor-element-populated\">\n\t\t\t\t\t\t<div class=\"elementor-element elementor-element-991cb76 elementor-widget elementor-widget-text-editor\" data-id=\"991cb76\" data-element_type=\"widget\" data-e-type=\"widget\" data-widget_type=\"text-editor.default\">\n\t\t\t\t<div class=\"elementor-widget-container\">\n\t\t\t\t\t\t\t\t\t<h4>Anteriores: <a href=\"https:\/\/swamitripurari.com.br\/index.php\/biografia\/\">Biografia<\/a> e <a href=\"https:\/\/swamitripurari.com.br\/index.php\/linhagem-espiritual\/\">Linhagem Espiritual<\/a><\/h4>\t\t\t\t\t\t\t\t<\/div>\n\t\t\t\t<\/div>\n\t\t\t\t\t<\/div>\n\t\t<\/div>\n\t\t\t\t<div class=\"elementor-column elementor-col-50 elementor-top-column elementor-element elementor-element-c9233bc\" data-id=\"c9233bc\" data-element_type=\"column\" data-e-type=\"column\">\n\t\t\t<div class=\"elementor-widget-wrap\">\n\t\t\t\t\t\t\t<\/div>\n\t\t<\/div>\n\t\t\t\t\t<\/div>\n\t\t<\/section>\n\t\t\t\t<\/div>\n\t\t","protected":false},"excerpt":{"rendered":"<p>\u00c9 somente ap\u00f3s uma prolongada evolu\u00e7\u00e3o de consci\u00eancia, atrav\u00e9s de formas de vida correspondentes, que nos tornamos conscientes sobre n\u00f3s. Essa consci\u00eancia ocorre na vida&hellip;<\/p>\n","protected":false},"author":2,"featured_media":0,"parent":15,"menu_order":0,"comment_status":"closed","ping_status":"closed","template":"","meta":{"footnotes":""},"class_list":["post-282","page","type-page","status-publish","hentry"],"yoast_head":"<!-- This site is optimized with the Yoast SEO plugin v27.3 - https:\/\/yoast.com\/product\/yoast-seo-wordpress\/ -->\n<title>Ensinamentos - Sw\u0101m\u012b B.V. Tripur\u0101ri<\/title>\n<meta name=\"robots\" content=\"index, follow, max-snippet:-1, max-image-preview:large, max-video-preview:-1\" \/>\n<link rel=\"canonical\" href=\"https:\/\/swamitripurari.com.br\/index.php\/sobre\/ensinamentos\/\" \/>\n<meta property=\"og:locale\" content=\"en_US\" \/>\n<meta property=\"og:type\" content=\"article\" \/>\n<meta property=\"og:title\" content=\"Ensinamentos - Sw\u0101m\u012b B.V. Tripur\u0101ri\" \/>\n<meta property=\"og:description\" content=\"\u00c9 somente ap\u00f3s uma prolongada evolu\u00e7\u00e3o de consci\u00eancia, atrav\u00e9s de formas de vida correspondentes, que nos tornamos conscientes sobre n\u00f3s. Essa consci\u00eancia ocorre na vida&hellip;\" \/>\n<meta property=\"og:url\" content=\"https:\/\/swamitripurari.com.br\/index.php\/sobre\/ensinamentos\/\" \/>\n<meta property=\"og:site_name\" content=\"Sw\u0101m\u012b B.V. Tripur\u0101ri\" \/>\n<meta property=\"article:modified_time\" content=\"2023-06-11T21:19:45+00:00\" \/>\n<meta property=\"og:image\" content=\"http:\/\/swamitripurari.com.br\/wp-content\/uploads\/2023\/05\/kavari2580-ensinamentos-novo.jpg\" \/>\n<meta name=\"twitter:card\" content=\"summary_large_image\" \/>\n<meta name=\"twitter:label1\" content=\"Est. reading time\" \/>\n\t<meta name=\"twitter:data1\" content=\"4 minutes\" \/>\n<script type=\"application\/ld+json\" class=\"yoast-schema-graph\">{\"@context\":\"https:\\\/\\\/schema.org\",\"@graph\":[{\"@type\":\"WebPage\",\"@id\":\"https:\\\/\\\/swamitripurari.com.br\\\/index.php\\\/sobre\\\/ensinamentos\\\/\",\"url\":\"https:\\\/\\\/swamitripurari.com.br\\\/index.php\\\/sobre\\\/ensinamentos\\\/\",\"name\":\"Ensinamentos - Sw\u0101m\u012b B.V. Tripur\u0101ri\",\"isPartOf\":{\"@id\":\"https:\\\/\\\/swamitripurari.com.br\\\/#website\"},\"primaryImageOfPage\":{\"@id\":\"https:\\\/\\\/swamitripurari.com.br\\\/index.php\\\/sobre\\\/ensinamentos\\\/#primaryimage\"},\"image\":{\"@id\":\"https:\\\/\\\/swamitripurari.com.br\\\/index.php\\\/sobre\\\/ensinamentos\\\/#primaryimage\"},\"thumbnailUrl\":\"http:\\\/\\\/swamitripurari.com.br\\\/wp-content\\\/uploads\\\/2023\\\/05\\\/kavari2580-ensinamentos-novo.jpg\",\"datePublished\":\"2023-06-11T20:58:58+00:00\",\"dateModified\":\"2023-06-11T21:19:45+00:00\",\"breadcrumb\":{\"@id\":\"https:\\\/\\\/swamitripurari.com.br\\\/index.php\\\/sobre\\\/ensinamentos\\\/#breadcrumb\"},\"inLanguage\":\"en-US\",\"potentialAction\":[{\"@type\":\"ReadAction\",\"target\":[\"https:\\\/\\\/swamitripurari.com.br\\\/index.php\\\/sobre\\\/ensinamentos\\\/\"]}]},{\"@type\":\"ImageObject\",\"inLanguage\":\"en-US\",\"@id\":\"https:\\\/\\\/swamitripurari.com.br\\\/index.php\\\/sobre\\\/ensinamentos\\\/#primaryimage\",\"url\":\"http:\\\/\\\/swamitripurari.com.br\\\/wp-content\\\/uploads\\\/2023\\\/05\\\/kavari2580-ensinamentos-novo.jpg\",\"contentUrl\":\"http:\\\/\\\/swamitripurari.com.br\\\/wp-content\\\/uploads\\\/2023\\\/05\\\/kavari2580-ensinamentos-novo.jpg\"},{\"@type\":\"BreadcrumbList\",\"@id\":\"https:\\\/\\\/swamitripurari.com.br\\\/index.php\\\/sobre\\\/ensinamentos\\\/#breadcrumb\",\"itemListElement\":[{\"@type\":\"ListItem\",\"position\":1,\"name\":\"In\u00edcio\",\"item\":\"https:\\\/\\\/swamitripurari.com.br\\\/\"},{\"@type\":\"ListItem\",\"position\":2,\"name\":\"Sobre\",\"item\":\"https:\\\/\\\/swamitripurari.com.br\\\/index.php\\\/sobre\\\/\"},{\"@type\":\"ListItem\",\"position\":3,\"name\":\"Ensinamentos\"}]},{\"@type\":\"WebSite\",\"@id\":\"https:\\\/\\\/swamitripurari.com.br\\\/#website\",\"url\":\"https:\\\/\\\/swamitripurari.com.br\\\/\",\"name\":\"Sw\u0101m\u012b B.V. Tripur\u0101ri\",\"description\":\"em Portugu\u00eas\",\"publisher\":{\"@id\":\"https:\\\/\\\/swamitripurari.com.br\\\/#\\\/schema\\\/person\\\/a1281092888d395323a1fdd49a08b635\"},\"potentialAction\":[{\"@type\":\"SearchAction\",\"target\":{\"@type\":\"EntryPoint\",\"urlTemplate\":\"https:\\\/\\\/swamitripurari.com.br\\\/?s={search_term_string}\"},\"query-input\":{\"@type\":\"PropertyValueSpecification\",\"valueRequired\":true,\"valueName\":\"search_term_string\"}}],\"inLanguage\":\"en-US\"},{\"@type\":[\"Person\",\"Organization\"],\"@id\":\"https:\\\/\\\/swamitripurari.com.br\\\/#\\\/schema\\\/person\\\/a1281092888d395323a1fdd49a08b635\",\"name\":\"swamitripurari.br@gmail.com\",\"image\":{\"@type\":\"ImageObject\",\"inLanguage\":\"en-US\",\"@id\":\"https:\\\/\\\/secure.gravatar.com\\\/avatar\\\/cad203b778ea38a43ccc414a4e66414fd63507677ed1365c1d88a0e2612c7da8?s=96&d=mm&r=g\",\"url\":\"https:\\\/\\\/secure.gravatar.com\\\/avatar\\\/cad203b778ea38a43ccc414a4e66414fd63507677ed1365c1d88a0e2612c7da8?s=96&d=mm&r=g\",\"contentUrl\":\"https:\\\/\\\/secure.gravatar.com\\\/avatar\\\/cad203b778ea38a43ccc414a4e66414fd63507677ed1365c1d88a0e2612c7da8?s=96&d=mm&r=g\",\"caption\":\"swamitripurari.br@gmail.com\"},\"logo\":{\"@id\":\"https:\\\/\\\/secure.gravatar.com\\\/avatar\\\/cad203b778ea38a43ccc414a4e66414fd63507677ed1365c1d88a0e2612c7da8?s=96&d=mm&r=g\"},\"sameAs\":[\"http:\\\/\\\/swamitripurari.com.br\"]}]}<\/script>\n<!-- \/ Yoast SEO plugin. -->","yoast_head_json":{"title":"Ensinamentos - Sw\u0101m\u012b B.V. Tripur\u0101ri","robots":{"index":"index","follow":"follow","max-snippet":"max-snippet:-1","max-image-preview":"max-image-preview:large","max-video-preview":"max-video-preview:-1"},"canonical":"https:\/\/swamitripurari.com.br\/index.php\/sobre\/ensinamentos\/","og_locale":"en_US","og_type":"article","og_title":"Ensinamentos - Sw\u0101m\u012b B.V. Tripur\u0101ri","og_description":"\u00c9 somente ap\u00f3s uma prolongada evolu\u00e7\u00e3o de consci\u00eancia, atrav\u00e9s de formas de vida correspondentes, que nos tornamos conscientes sobre n\u00f3s. Essa consci\u00eancia ocorre na vida&hellip;","og_url":"https:\/\/swamitripurari.com.br\/index.php\/sobre\/ensinamentos\/","og_site_name":"Sw\u0101m\u012b B.V. Tripur\u0101ri","article_modified_time":"2023-06-11T21:19:45+00:00","og_image":[{"url":"http:\/\/swamitripurari.com.br\/wp-content\/uploads\/2023\/05\/kavari2580-ensinamentos-novo.jpg","type":"","width":"","height":""}],"twitter_card":"summary_large_image","twitter_misc":{"Est. reading time":"4 minutes"},"schema":{"@context":"https:\/\/schema.org","@graph":[{"@type":"WebPage","@id":"https:\/\/swamitripurari.com.br\/index.php\/sobre\/ensinamentos\/","url":"https:\/\/swamitripurari.com.br\/index.php\/sobre\/ensinamentos\/","name":"Ensinamentos - Sw\u0101m\u012b B.V. Tripur\u0101ri","isPartOf":{"@id":"https:\/\/swamitripurari.com.br\/#website"},"primaryImageOfPage":{"@id":"https:\/\/swamitripurari.com.br\/index.php\/sobre\/ensinamentos\/#primaryimage"},"image":{"@id":"https:\/\/swamitripurari.com.br\/index.php\/sobre\/ensinamentos\/#primaryimage"},"thumbnailUrl":"http:\/\/swamitripurari.com.br\/wp-content\/uploads\/2023\/05\/kavari2580-ensinamentos-novo.jpg","datePublished":"2023-06-11T20:58:58+00:00","dateModified":"2023-06-11T21:19:45+00:00","breadcrumb":{"@id":"https:\/\/swamitripurari.com.br\/index.php\/sobre\/ensinamentos\/#breadcrumb"},"inLanguage":"en-US","potentialAction":[{"@type":"ReadAction","target":["https:\/\/swamitripurari.com.br\/index.php\/sobre\/ensinamentos\/"]}]},{"@type":"ImageObject","inLanguage":"en-US","@id":"https:\/\/swamitripurari.com.br\/index.php\/sobre\/ensinamentos\/#primaryimage","url":"http:\/\/swamitripurari.com.br\/wp-content\/uploads\/2023\/05\/kavari2580-ensinamentos-novo.jpg","contentUrl":"http:\/\/swamitripurari.com.br\/wp-content\/uploads\/2023\/05\/kavari2580-ensinamentos-novo.jpg"},{"@type":"BreadcrumbList","@id":"https:\/\/swamitripurari.com.br\/index.php\/sobre\/ensinamentos\/#breadcrumb","itemListElement":[{"@type":"ListItem","position":1,"name":"In\u00edcio","item":"https:\/\/swamitripurari.com.br\/"},{"@type":"ListItem","position":2,"name":"Sobre","item":"https:\/\/swamitripurari.com.br\/index.php\/sobre\/"},{"@type":"ListItem","position":3,"name":"Ensinamentos"}]},{"@type":"WebSite","@id":"https:\/\/swamitripurari.com.br\/#website","url":"https:\/\/swamitripurari.com.br\/","name":"Sw\u0101m\u012b B.V. Tripur\u0101ri","description":"em Portugu\u00eas","publisher":{"@id":"https:\/\/swamitripurari.com.br\/#\/schema\/person\/a1281092888d395323a1fdd49a08b635"},"potentialAction":[{"@type":"SearchAction","target":{"@type":"EntryPoint","urlTemplate":"https:\/\/swamitripurari.com.br\/?s={search_term_string}"},"query-input":{"@type":"PropertyValueSpecification","valueRequired":true,"valueName":"search_term_string"}}],"inLanguage":"en-US"},{"@type":["Person","Organization"],"@id":"https:\/\/swamitripurari.com.br\/#\/schema\/person\/a1281092888d395323a1fdd49a08b635","name":"swamitripurari.br@gmail.com","image":{"@type":"ImageObject","inLanguage":"en-US","@id":"https:\/\/secure.gravatar.com\/avatar\/cad203b778ea38a43ccc414a4e66414fd63507677ed1365c1d88a0e2612c7da8?s=96&d=mm&r=g","url":"https:\/\/secure.gravatar.com\/avatar\/cad203b778ea38a43ccc414a4e66414fd63507677ed1365c1d88a0e2612c7da8?s=96&d=mm&r=g","contentUrl":"https:\/\/secure.gravatar.com\/avatar\/cad203b778ea38a43ccc414a4e66414fd63507677ed1365c1d88a0e2612c7da8?s=96&d=mm&r=g","caption":"swamitripurari.br@gmail.com"},"logo":{"@id":"https:\/\/secure.gravatar.com\/avatar\/cad203b778ea38a43ccc414a4e66414fd63507677ed1365c1d88a0e2612c7da8?s=96&d=mm&r=g"},"sameAs":["http:\/\/swamitripurari.com.br"]}]}},"_links":{"self":[{"href":"https:\/\/swamitripurari.com.br\/index.php\/wp-json\/wp\/v2\/pages\/282","targetHints":{"allow":["GET"]}}],"collection":[{"href":"https:\/\/swamitripurari.com.br\/index.php\/wp-json\/wp\/v2\/pages"}],"about":[{"href":"https:\/\/swamitripurari.com.br\/index.php\/wp-json\/wp\/v2\/types\/page"}],"author":[{"embeddable":true,"href":"https:\/\/swamitripurari.com.br\/index.php\/wp-json\/wp\/v2\/users\/2"}],"replies":[{"embeddable":true,"href":"https:\/\/swamitripurari.com.br\/index.php\/wp-json\/wp\/v2\/comments?post=282"}],"version-history":[{"count":5,"href":"https:\/\/swamitripurari.com.br\/index.php\/wp-json\/wp\/v2\/pages\/282\/revisions"}],"predecessor-version":[{"id":711,"href":"https:\/\/swamitripurari.com.br\/index.php\/wp-json\/wp\/v2\/pages\/282\/revisions\/711"}],"up":[{"embeddable":true,"href":"https:\/\/swamitripurari.com.br\/index.php\/wp-json\/wp\/v2\/pages\/15"}],"wp:attachment":[{"href":"https:\/\/swamitripurari.com.br\/index.php\/wp-json\/wp\/v2\/media?parent=282"}],"curies":[{"name":"wp","href":"https:\/\/api.w.org\/{rel}","templated":true}]}}