{"id":42,"date":"2023-03-17T17:49:28","date_gmt":"2023-03-17T20:49:28","guid":{"rendered":"https:\/\/swamitripurari.com.br\/?page_id=42"},"modified":"2025-09-13T11:34:09","modified_gmt":"2025-09-13T14:34:09","slug":"links","status":"publish","type":"page","link":"https:\/\/swamitripurari.com.br\/index.php\/links\/","title":{"rendered":"Links"},"content":{"rendered":"\t\t<div data-elementor-type=\"wp-page\" data-elementor-id=\"42\" class=\"elementor elementor-42\">\n\t\t\t\t\t\t<section class=\"elementor-section elementor-top-section elementor-element elementor-element-2154576 elementor-section-boxed elementor-section-height-default elementor-section-height-default wpr-particle-no wpr-jarallax-no wpr-parallax-no wpr-sticky-section-no\" data-id=\"2154576\" data-element_type=\"section\" data-e-type=\"section\" data-settings=\"{&quot;background_background&quot;:&quot;classic&quot;,&quot;shape_divider_bottom&quot;:&quot;opacity-fan&quot;}\">\n\t\t\t\t\t<div class=\"elementor-shape elementor-shape-bottom\" aria-hidden=\"true\" data-negative=\"false\">\n\t\t\t<svg xmlns=\"http:\/\/www.w3.org\/2000\/svg\" viewBox=\"0 0 283.5 19.6\" preserveAspectRatio=\"none\">\n\t<path class=\"elementor-shape-fill\" style=\"opacity:0.33\" d=\"M0 0L0 18.8 141.8 4.1 283.5 18.8 283.5 0z\"\/>\n\t<path class=\"elementor-shape-fill\" style=\"opacity:0.33\" d=\"M0 0L0 12.6 141.8 4 283.5 12.6 283.5 0z\"\/>\n\t<path class=\"elementor-shape-fill\" style=\"opacity:0.33\" d=\"M0 0L0 6.4 141.8 4 283.5 6.4 283.5 0z\"\/>\n\t<path class=\"elementor-shape-fill\" d=\"M0 0L0 1.2 141.8 4 283.5 1.2 283.5 0z\"\/>\n<\/svg>\t\t<\/div>\n\t\t\t\t\t<div class=\"elementor-container elementor-column-gap-default\">\n\t\t\t\t\t<div class=\"elementor-column elementor-col-100 elementor-top-column elementor-element elementor-element-f3b7fc4\" data-id=\"f3b7fc4\" data-element_type=\"column\" data-e-type=\"column\">\n\t\t\t<div class=\"elementor-widget-wrap elementor-element-populated\">\n\t\t\t\t\t\t<div class=\"elementor-element elementor-element-7f1115b elementor-widget elementor-widget-text-editor\" data-id=\"7f1115b\" data-element_type=\"widget\" data-e-type=\"widget\" data-widget_type=\"text-editor.default\">\n\t\t\t\t<div class=\"elementor-widget-container\">\n\t\t\t\t\t\t\t\t\t<p>Aqui voc\u00ea encontra os links e descri\u00e7\u00f5es dos sites de Swami BV Tripurari.\u00a0<\/p>\t\t\t\t\t\t\t\t<\/div>\n\t\t\t\t<\/div>\n\t\t\t\t\t<\/div>\n\t\t<\/div>\n\t\t\t\t\t<\/div>\n\t\t<\/section>\n\t\t\t\t<section class=\"elementor-section elementor-top-section elementor-element elementor-element-fda90df elementor-section-boxed elementor-section-height-default elementor-section-height-default wpr-particle-no wpr-jarallax-no wpr-parallax-no wpr-sticky-section-no\" data-id=\"fda90df\" data-element_type=\"section\" data-e-type=\"section\" data-settings=\"{&quot;background_background&quot;:&quot;classic&quot;,&quot;shape_divider_bottom&quot;:&quot;opacity-fan&quot;}\">\n\t\t\t\t\t<div class=\"elementor-shape elementor-shape-bottom\" aria-hidden=\"true\" data-negative=\"false\">\n\t\t\t<svg xmlns=\"http:\/\/www.w3.org\/2000\/svg\" viewBox=\"0 0 283.5 19.6\" preserveAspectRatio=\"none\">\n\t<path class=\"elementor-shape-fill\" style=\"opacity:0.33\" d=\"M0 0L0 18.8 141.8 4.1 283.5 18.8 283.5 0z\"\/>\n\t<path class=\"elementor-shape-fill\" style=\"opacity:0.33\" d=\"M0 0L0 12.6 141.8 4 283.5 12.6 283.5 0z\"\/>\n\t<path class=\"elementor-shape-fill\" style=\"opacity:0.33\" d=\"M0 0L0 6.4 141.8 4 283.5 6.4 283.5 0z\"\/>\n\t<path class=\"elementor-shape-fill\" d=\"M0 0L0 1.2 141.8 4 283.5 1.2 283.5 0z\"\/>\n<\/svg>\t\t<\/div>\n\t\t\t\t\t<div class=\"elementor-container elementor-column-gap-default\">\n\t\t\t\t\t<div class=\"elementor-column elementor-col-100 elementor-top-column elementor-element elementor-element-43e4bfc\" data-id=\"43e4bfc\" data-element_type=\"column\" data-e-type=\"column\">\n\t\t\t<div class=\"elementor-widget-wrap elementor-element-populated\">\n\t\t\t\t\t\t<div class=\"elementor-element elementor-element-c068b0c elementor-widget elementor-widget-text-editor\" data-id=\"c068b0c\" data-element_type=\"widget\" data-e-type=\"widget\" data-widget_type=\"text-editor.default\">\n\t\t\t\t<div class=\"elementor-widget-container\">\n\t\t\t\t\t\t\t\t\t<p><strong>Portugu\u00eas:<\/strong><\/p><p>Youtube &#8211; <a href=\"https:\/\/www.youtube.com\/@SwamiTripurari-Portugu%C3%AAs\">Swami B.V. Tripurari &#8211; Portugu\u00eas<\/a><\/p><p>Instagram &#8211;<a href=\"https:\/\/www.instagram.com\/swamitripurari.brasil\/\"> Swami Tripurari Brasil<\/a><\/p><p><strong>Espanhol:<\/strong><\/p><p><a href=\"https:\/\/swamitripurari.es\/\">https:\/\/swamitripurari.es\/<\/a><\/p><p align=\"JUSTIFY\"><strong>Ingl\u00eas<\/strong><\/p><p class=\"western\" align=\"JUSTIFY\"><span style=\"color: #1e4b75;\"><span style=\"font-family: Arial, sans-serif;\"><span style=\"font-size: medium;\"><a href=\"http:\/\/www.swamitripurari.com\/\">www.swamitripurari.com<\/a> <\/span><\/span><\/span><span style=\"color: #333333;\"><span style=\"font-family: Arial, sans-serif;\"><span style=\"font-size: medium;\">(Site Oficial em ingl\u00eas)<\/span><\/span><\/span><\/p><p class=\"western\" align=\"JUSTIFY\"><span style=\"color: #1e4b75;\"><span style=\"font-family: Arial, sans-serif;\"><span style=\"font-size: medium;\"><a href=\"https:\/\/harmonist.us\/\">https:\/\/harmonist.us<\/a> <\/span><\/span><\/span><span style=\"color: #333333;\"><span style=\"font-family: Arial, sans-serif;\"><span style=\"font-size: medium;\">(em ingl\u00eas)<\/span><\/span><\/span><\/p><p class=\"western\" align=\"JUSTIFY\"><span style=\"color: #111111;\"><span style=\"font-family: Arial, sans-serif;\"><span style=\"font-size: medium;\"><a href=\"https:\/\/swamibvtripurari.com\/\">https:\/\/swamibvtripurari.com<\/a> <\/span><\/span><\/span><span style=\"color: #333333;\"><span style=\"font-family: Arial, sans-serif;\"><span style=\"font-size: medium;\">(em ingl\u00eas)<\/span><\/span><\/span><\/p><p><strong>\u00c1udios<\/strong><\/p><p><span style=\"color: #1e4b75;\"><span style=\"font-family: Arial, sans-serif;\"><span style=\"font-size: medium;\"><a href=\"http:\/\/www.swami.org\/\">www.swami.org<\/a> <\/span><\/span><\/span><span style=\"color: #333333;\"><span style=\"font-family: Arial, sans-serif;\"><span style=\"font-size: medium;\">(com aulas em ingl\u00eas e espanhol e bhajans)<\/span><\/span><\/span><\/p><p class=\"western\"><span style=\"font-family: Arial, sans-serif;\"><span style=\"font-size: medium;\"><b>Youtube<\/b><\/span><\/span><\/p><p class=\"western\"><a href=\"https:\/\/www.youtube.com\/@SriCaitanyaSangha\">Sri Caitanya Sangha<\/a> (com sess\u00f5es semanais de perguntas e respostas com Swami Tripurari e aulas dos devotos da Sangha)<\/p><p class=\"western\"><a href=\"https:\/\/www.youtube.com\/@SwamiTripurariBV\"><span style=\"font-family: Arial, sans-serif;\"><span style=\"font-size: medium;\">Swami BV Tripurari\u00a0<\/span><\/span><\/a><\/p><p class=\"western\"><b>Facebook<\/b><\/p><p class=\"western\"><a href=\"https:\/\/web.facebook.com\/SriCaitanyaSangha\/?_rdc=1&amp;_rdr\">Sri Caitanya Sangha<\/a><\/p>\t\t\t\t\t\t\t\t<\/div>\n\t\t\t\t<\/div>\n\t\t\t\t\t<\/div>\n\t\t<\/div>\n\t\t\t\t\t<\/div>\n\t\t<\/section>\n\t\t\t\t<\/div>\n\t\t","protected":false},"excerpt":{"rendered":"<p>Aqui voc\u00ea encontra os links e descri\u00e7\u00f5es dos sites de Swami BV Tripurari.\u00a0 Portugu\u00eas: Youtube &#8211; Swami B.V. Tripurari &#8211; Portugu\u00eas Instagram &#8211; Swami Tripurari&hellip;<\/p>\n","protected":false},"author":1,"featured_media":0,"parent":0,"menu_order":0,"comment_status":"closed","ping_status":"closed","template":"","meta":{"footnotes":""},"class_list":["post-42","page","type-page","status-publish","hentry"],"yoast_head":"<!-- This site is optimized with the Yoast SEO plugin v27.3 - https:\/\/yoast.com\/product\/yoast-seo-wordpress\/ -->\n<title>Links - Sw\u0101m\u012b B.V. Tripur\u0101ri<\/title>\n<meta name=\"robots\" content=\"index, follow, max-snippet:-1, max-image-preview:large, max-video-preview:-1\" \/>\n<link rel=\"canonical\" href=\"https:\/\/swamitripurari.com.br\/index.php\/links\/\" \/>\n<meta property=\"og:locale\" content=\"en_US\" \/>\n<meta property=\"og:type\" content=\"article\" \/>\n<meta property=\"og:title\" content=\"Links - Sw\u0101m\u012b B.V. Tripur\u0101ri\" \/>\n<meta property=\"og:description\" content=\"Aqui voc\u00ea encontra os links e descri\u00e7\u00f5es dos sites de Swami BV Tripurari.\u00a0 Portugu\u00eas: Youtube &#8211; Swami B.V. Tripurari &#8211; Portugu\u00eas Instagram &#8211; Swami Tripurari&hellip;\" \/>\n<meta property=\"og:url\" content=\"https:\/\/swamitripurari.com.br\/index.php\/links\/\" \/>\n<meta property=\"og:site_name\" content=\"Sw\u0101m\u012b B.V. Tripur\u0101ri\" \/>\n<meta property=\"article:modified_time\" content=\"2025-09-13T14:34:09+00:00\" \/>\n<meta name=\"twitter:card\" content=\"summary_large_image\" \/>\n<meta name=\"twitter:label1\" content=\"Est. reading time\" \/>\n\t<meta name=\"twitter:data1\" content=\"1 minute\" \/>\n<script type=\"application\/ld+json\" class=\"yoast-schema-graph\">{\"@context\":\"https:\\\/\\\/schema.org\",\"@graph\":[{\"@type\":\"WebPage\",\"@id\":\"https:\\\/\\\/swamitripurari.com.br\\\/index.php\\\/links\\\/\",\"url\":\"https:\\\/\\\/swamitripurari.com.br\\\/index.php\\\/links\\\/\",\"name\":\"Links - Sw\u0101m\u012b B.V. Tripur\u0101ri\",\"isPartOf\":{\"@id\":\"https:\\\/\\\/swamitripurari.com.br\\\/#website\"},\"datePublished\":\"2023-03-17T20:49:28+00:00\",\"dateModified\":\"2025-09-13T14:34:09+00:00\",\"breadcrumb\":{\"@id\":\"https:\\\/\\\/swamitripurari.com.br\\\/index.php\\\/links\\\/#breadcrumb\"},\"inLanguage\":\"en-US\",\"potentialAction\":[{\"@type\":\"ReadAction\",\"target\":[\"https:\\\/\\\/swamitripurari.com.br\\\/index.php\\\/links\\\/\"]}]},{\"@type\":\"BreadcrumbList\",\"@id\":\"https:\\\/\\\/swamitripurari.com.br\\\/index.php\\\/links\\\/#breadcrumb\",\"itemListElement\":[{\"@type\":\"ListItem\",\"position\":1,\"name\":\"In\u00edcio\",\"item\":\"https:\\\/\\\/swamitripurari.com.br\\\/\"},{\"@type\":\"ListItem\",\"position\":2,\"name\":\"Links\"}]},{\"@type\":\"WebSite\",\"@id\":\"https:\\\/\\\/swamitripurari.com.br\\\/#website\",\"url\":\"https:\\\/\\\/swamitripurari.com.br\\\/\",\"name\":\"Sw\u0101m\u012b B.V. Tripur\u0101ri\",\"description\":\"em Portugu\u00eas\",\"publisher\":{\"@id\":\"https:\\\/\\\/swamitripurari.com.br\\\/#\\\/schema\\\/person\\\/a1281092888d395323a1fdd49a08b635\"},\"potentialAction\":[{\"@type\":\"SearchAction\",\"target\":{\"@type\":\"EntryPoint\",\"urlTemplate\":\"https:\\\/\\\/swamitripurari.com.br\\\/?s={search_term_string}\"},\"query-input\":{\"@type\":\"PropertyValueSpecification\",\"valueRequired\":true,\"valueName\":\"search_term_string\"}}],\"inLanguage\":\"en-US\"},{\"@type\":[\"Person\",\"Organization\"],\"@id\":\"https:\\\/\\\/swamitripurari.com.br\\\/#\\\/schema\\\/person\\\/a1281092888d395323a1fdd49a08b635\",\"name\":\"swamitripurari.br@gmail.com\",\"image\":{\"@type\":\"ImageObject\",\"inLanguage\":\"en-US\",\"@id\":\"https:\\\/\\\/secure.gravatar.com\\\/avatar\\\/cad203b778ea38a43ccc414a4e66414fd63507677ed1365c1d88a0e2612c7da8?s=96&d=mm&r=g\",\"url\":\"https:\\\/\\\/secure.gravatar.com\\\/avatar\\\/cad203b778ea38a43ccc414a4e66414fd63507677ed1365c1d88a0e2612c7da8?s=96&d=mm&r=g\",\"contentUrl\":\"https:\\\/\\\/secure.gravatar.com\\\/avatar\\\/cad203b778ea38a43ccc414a4e66414fd63507677ed1365c1d88a0e2612c7da8?s=96&d=mm&r=g\",\"caption\":\"swamitripurari.br@gmail.com\"},\"logo\":{\"@id\":\"https:\\\/\\\/secure.gravatar.com\\\/avatar\\\/cad203b778ea38a43ccc414a4e66414fd63507677ed1365c1d88a0e2612c7da8?s=96&d=mm&r=g\"},\"sameAs\":[\"http:\\\/\\\/swamitripurari.com.br\"]}]}<\/script>\n<!-- \/ Yoast SEO plugin. -->","yoast_head_json":{"title":"Links - Sw\u0101m\u012b B.V. Tripur\u0101ri","robots":{"index":"index","follow":"follow","max-snippet":"max-snippet:-1","max-image-preview":"max-image-preview:large","max-video-preview":"max-video-preview:-1"},"canonical":"https:\/\/swamitripurari.com.br\/index.php\/links\/","og_locale":"en_US","og_type":"article","og_title":"Links - Sw\u0101m\u012b B.V. Tripur\u0101ri","og_description":"Aqui voc\u00ea encontra os links e descri\u00e7\u00f5es dos sites de Swami BV Tripurari.\u00a0 Portugu\u00eas: Youtube &#8211; Swami B.V. Tripurari &#8211; Portugu\u00eas Instagram &#8211; Swami Tripurari&hellip;","og_url":"https:\/\/swamitripurari.com.br\/index.php\/links\/","og_site_name":"Sw\u0101m\u012b B.V. Tripur\u0101ri","article_modified_time":"2025-09-13T14:34:09+00:00","twitter_card":"summary_large_image","twitter_misc":{"Est. reading time":"1 minute"},"schema":{"@context":"https:\/\/schema.org","@graph":[{"@type":"WebPage","@id":"https:\/\/swamitripurari.com.br\/index.php\/links\/","url":"https:\/\/swamitripurari.com.br\/index.php\/links\/","name":"Links - Sw\u0101m\u012b B.V. Tripur\u0101ri","isPartOf":{"@id":"https:\/\/swamitripurari.com.br\/#website"},"datePublished":"2023-03-17T20:49:28+00:00","dateModified":"2025-09-13T14:34:09+00:00","breadcrumb":{"@id":"https:\/\/swamitripurari.com.br\/index.php\/links\/#breadcrumb"},"inLanguage":"en-US","potentialAction":[{"@type":"ReadAction","target":["https:\/\/swamitripurari.com.br\/index.php\/links\/"]}]},{"@type":"BreadcrumbList","@id":"https:\/\/swamitripurari.com.br\/index.php\/links\/#breadcrumb","itemListElement":[{"@type":"ListItem","position":1,"name":"In\u00edcio","item":"https:\/\/swamitripurari.com.br\/"},{"@type":"ListItem","position":2,"name":"Links"}]},{"@type":"WebSite","@id":"https:\/\/swamitripurari.com.br\/#website","url":"https:\/\/swamitripurari.com.br\/","name":"Sw\u0101m\u012b B.V. Tripur\u0101ri","description":"em Portugu\u00eas","publisher":{"@id":"https:\/\/swamitripurari.com.br\/#\/schema\/person\/a1281092888d395323a1fdd49a08b635"},"potentialAction":[{"@type":"SearchAction","target":{"@type":"EntryPoint","urlTemplate":"https:\/\/swamitripurari.com.br\/?s={search_term_string}"},"query-input":{"@type":"PropertyValueSpecification","valueRequired":true,"valueName":"search_term_string"}}],"inLanguage":"en-US"},{"@type":["Person","Organization"],"@id":"https:\/\/swamitripurari.com.br\/#\/schema\/person\/a1281092888d395323a1fdd49a08b635","name":"swamitripurari.br@gmail.com","image":{"@type":"ImageObject","inLanguage":"en-US","@id":"https:\/\/secure.gravatar.com\/avatar\/cad203b778ea38a43ccc414a4e66414fd63507677ed1365c1d88a0e2612c7da8?s=96&d=mm&r=g","url":"https:\/\/secure.gravatar.com\/avatar\/cad203b778ea38a43ccc414a4e66414fd63507677ed1365c1d88a0e2612c7da8?s=96&d=mm&r=g","contentUrl":"https:\/\/secure.gravatar.com\/avatar\/cad203b778ea38a43ccc414a4e66414fd63507677ed1365c1d88a0e2612c7da8?s=96&d=mm&r=g","caption":"swamitripurari.br@gmail.com"},"logo":{"@id":"https:\/\/secure.gravatar.com\/avatar\/cad203b778ea38a43ccc414a4e66414fd63507677ed1365c1d88a0e2612c7da8?s=96&d=mm&r=g"},"sameAs":["http:\/\/swamitripurari.com.br"]}]}},"_links":{"self":[{"href":"https:\/\/swamitripurari.com.br\/index.php\/wp-json\/wp\/v2\/pages\/42","targetHints":{"allow":["GET"]}}],"collection":[{"href":"https:\/\/swamitripurari.com.br\/index.php\/wp-json\/wp\/v2\/pages"}],"about":[{"href":"https:\/\/swamitripurari.com.br\/index.php\/wp-json\/wp\/v2\/types\/page"}],"author":[{"embeddable":true,"href":"https:\/\/swamitripurari.com.br\/index.php\/wp-json\/wp\/v2\/users\/1"}],"replies":[{"embeddable":true,"href":"https:\/\/swamitripurari.com.br\/index.php\/wp-json\/wp\/v2\/comments?post=42"}],"version-history":[{"count":37,"href":"https:\/\/swamitripurari.com.br\/index.php\/wp-json\/wp\/v2\/pages\/42\/revisions"}],"predecessor-version":[{"id":978,"href":"https:\/\/swamitripurari.com.br\/index.php\/wp-json\/wp\/v2\/pages\/42\/revisions\/978"}],"wp:attachment":[{"href":"https:\/\/swamitripurari.com.br\/index.php\/wp-json\/wp\/v2\/media?parent=42"}],"curies":[{"name":"wp","href":"https:\/\/api.w.org\/{rel}","templated":true}]}}