{"id":49,"date":"2023-03-17T17:59:13","date_gmt":"2023-03-17T20:59:13","guid":{"rendered":"https:\/\/swamitripurari.com.br\/?page_id=49"},"modified":"2023-06-11T18:20:00","modified_gmt":"2023-06-11T21:20:00","slug":"linhagem-espiritual","status":"publish","type":"page","link":"https:\/\/swamitripurari.com.br\/index.php\/sobre\/linhagem-espiritual\/","title":{"rendered":"Linhagem Espiritual"},"content":{"rendered":"\t\t<div data-elementor-type=\"wp-page\" data-elementor-id=\"49\" class=\"elementor elementor-49\">\n\t\t\t\t\t\t<section class=\"elementor-section elementor-top-section elementor-element elementor-element-3b195ff elementor-section-boxed elementor-section-height-default elementor-section-height-default wpr-particle-no wpr-jarallax-no wpr-parallax-no wpr-sticky-section-no\" data-id=\"3b195ff\" data-element_type=\"section\" data-e-type=\"section\" data-settings=\"{&quot;background_background&quot;:&quot;classic&quot;,&quot;shape_divider_top&quot;:&quot;opacity-fan&quot;}\">\n\t\t\t\t\t<div class=\"elementor-shape elementor-shape-top\" aria-hidden=\"true\" data-negative=\"false\">\n\t\t\t<svg xmlns=\"http:\/\/www.w3.org\/2000\/svg\" viewBox=\"0 0 283.5 19.6\" preserveAspectRatio=\"none\">\n\t<path class=\"elementor-shape-fill\" style=\"opacity:0.33\" d=\"M0 0L0 18.8 141.8 4.1 283.5 18.8 283.5 0z\"\/>\n\t<path class=\"elementor-shape-fill\" style=\"opacity:0.33\" d=\"M0 0L0 12.6 141.8 4 283.5 12.6 283.5 0z\"\/>\n\t<path class=\"elementor-shape-fill\" style=\"opacity:0.33\" d=\"M0 0L0 6.4 141.8 4 283.5 6.4 283.5 0z\"\/>\n\t<path class=\"elementor-shape-fill\" d=\"M0 0L0 1.2 141.8 4 283.5 1.2 283.5 0z\"\/>\n<\/svg>\t\t<\/div>\n\t\t\t\t\t<div class=\"elementor-container elementor-column-gap-default\">\n\t\t\t\t\t<div class=\"elementor-column elementor-col-100 elementor-top-column elementor-element elementor-element-f17336b\" data-id=\"f17336b\" data-element_type=\"column\" data-e-type=\"column\">\n\t\t\t<div class=\"elementor-widget-wrap elementor-element-populated\">\n\t\t\t\t\t\t<div class=\"elementor-element elementor-element-2414172 elementor-widget elementor-widget-image\" data-id=\"2414172\" data-element_type=\"widget\" data-e-type=\"widget\" data-widget_type=\"image.default\">\n\t\t\t\t<div class=\"elementor-widget-container\">\n\t\t\t\t\t\t\t\t\t\t\t\t\t\t\t<img fetchpriority=\"high\" decoding=\"async\" width=\"580\" height=\"232\" src=\"https:\/\/swamitripurari.com.br\/wp-content\/uploads\/2023\/05\/kavari580-linhagem-espiritual-novo.jpg\" class=\"attachment-large size-large wp-image-243\" alt=\"\" srcset=\"https:\/\/swamitripurari.com.br\/wp-content\/uploads\/2023\/05\/kavari580-linhagem-espiritual-novo.jpg 580w, https:\/\/swamitripurari.com.br\/wp-content\/uploads\/2023\/05\/kavari580-linhagem-espiritual-novo-300x120.jpg 300w\" sizes=\"(max-width: 580px) 100vw, 580px\" \/>\t\t\t\t\t\t\t\t\t\t\t\t\t\t\t<\/div>\n\t\t\t\t<\/div>\n\t\t\t\t\t<\/div>\n\t\t<\/div>\n\t\t\t\t\t<\/div>\n\t\t<\/section>\n\t\t\t\t<section class=\"elementor-section elementor-top-section elementor-element elementor-element-39522a6 elementor-section-boxed elementor-section-height-default elementor-section-height-default wpr-particle-no wpr-jarallax-no wpr-parallax-no wpr-sticky-section-no\" data-id=\"39522a6\" data-element_type=\"section\" data-e-type=\"section\" data-settings=\"{&quot;background_background&quot;:&quot;classic&quot;,&quot;shape_divider_bottom&quot;:&quot;opacity-fan&quot;}\">\n\t\t\t\t\t<div class=\"elementor-shape elementor-shape-bottom\" aria-hidden=\"true\" data-negative=\"false\">\n\t\t\t<svg xmlns=\"http:\/\/www.w3.org\/2000\/svg\" viewBox=\"0 0 283.5 19.6\" preserveAspectRatio=\"none\">\n\t<path class=\"elementor-shape-fill\" style=\"opacity:0.33\" d=\"M0 0L0 18.8 141.8 4.1 283.5 18.8 283.5 0z\"\/>\n\t<path class=\"elementor-shape-fill\" style=\"opacity:0.33\" d=\"M0 0L0 12.6 141.8 4 283.5 12.6 283.5 0z\"\/>\n\t<path class=\"elementor-shape-fill\" style=\"opacity:0.33\" d=\"M0 0L0 6.4 141.8 4 283.5 6.4 283.5 0z\"\/>\n\t<path class=\"elementor-shape-fill\" d=\"M0 0L0 1.2 141.8 4 283.5 1.2 283.5 0z\"\/>\n<\/svg>\t\t<\/div>\n\t\t\t\t\t<div class=\"elementor-container elementor-column-gap-default\">\n\t\t\t\t\t<div class=\"elementor-column elementor-col-100 elementor-top-column elementor-element elementor-element-ebd63b8\" data-id=\"ebd63b8\" data-element_type=\"column\" data-e-type=\"column\">\n\t\t\t<div class=\"elementor-widget-wrap elementor-element-populated\">\n\t\t\t\t\t\t<div class=\"elementor-element elementor-element-d775248 elementor-widget elementor-widget-text-editor\" data-id=\"d775248\" data-element_type=\"widget\" data-e-type=\"widget\" data-widget_type=\"text-editor.default\">\n\t\t\t\t<div class=\"elementor-widget-container\">\n\t\t\t\t\t\t\t\t\t<p class=\"western\" lang=\"pt-BR\" align=\"JUSTIFY\"><span style=\"color: #333333;\"><span style=\"font-family: Arial, sans-serif;\"><span style=\"font-size: medium;\">A linhagem espiritual da Sri Caitanya Sangha tra\u00e7a sua origem \u00e0 flauta de Sri Krishna, onde ele despeja seu sopro vital \u00e0 procura de seus devotos mais queridos, as vaqueiras (gopis) de sua morada pastoral id\u00edlica. \u00c9 dito que o som de sua flauta tomou a forma de um mantra, e no alvorecer da cria\u00e7\u00e3o, o Brahma de quatro cabe\u00e7as ouviu este som m\u00edstico com seus oito ouvidos. O mantra de Sri Krishna ent\u00e3o entrou em seu cora\u00e7\u00e3o, que estava fixo em realizar o prop\u00f3sito da vida, e satisfez seus interesses, ap\u00f3s o qual Brahma continuou a passar o mantra adiante. Logo o mantra chegou aos ouvidos receptivos de Vyasa, o lend\u00e1rio autor do c\u00e2none liter\u00e1rio sagrado Hindu, que ent\u00e3o escreveu sobre sua signific\u00e2ncia no Srimad Bhagavatam, seu trabalho final escrito somente ap\u00f3s ele ter alcan\u00e7ado a maturidade espiritual.<\/span><\/span><\/span><\/p><p class=\"western\" lang=\"pt-BR\" align=\"JUSTIFY\"><span style=\"color: #333333;\"><span style=\"font-family: Arial, sans-serif;\"><span style=\"font-size: medium;\">Milhares de anos depois, o grande erudito e devoto Sri Madhvacarya abra\u00e7ou os ensinamentos de Vyasa e comentou brevemente o Srimad Bhagavatam, deixando espa\u00e7o para mais elabora\u00e7\u00f5es no seu significado esot\u00e9rico. Tal percep\u00e7\u00e3o esot\u00e9rica foi corporificada na pessoa de Sri Caitanya e articulada em detalhes pela sangha, ou fam\u00edlia espiritual, que seguiram no despertar de seu \u00eaxtase incomum.<\/span><\/span><\/span><\/p><p class=\"western\" lang=\"pt-BR\" align=\"JUSTIFY\"><span style=\"color: #333333;\"><span style=\"font-family: Arial, sans-serif;\"><span style=\"font-size: medium;\">Os seguidores de Sri Caitanya, encabe\u00e7ados por Sri Rupa e Sanantana Goswamis, escreveram coment\u00e1rios extensos ao Srimad Bhagavatam, assim como uma farta literatura suplementar, enquanto compartilhavam do \u00eaxtase do Krishna mantra e o cantar congregacional do nome de Deus. Ent\u00e3o atrav\u00e9s de sua instru\u00e7\u00e3o, transmitindo o Krishna mantra, e o cantar de seu nome, eles formaram uma linhagem que hoje \u00e9 muito ramificada.<\/span><\/span><\/span><\/p><p class=\"western\" align=\"JUSTIFY\"><span style=\"color: #333333;\"><span style=\"font-family: Arial, sans-serif;\"><span style=\"font-size: medium;\">A nossa ramifica\u00e7\u00e3o em particular, muitas vezes chamada de Bhaktivinoda Parivara, ou fam\u00edlia espiritual de Thakura Bhaktivinoda, trouxe os ensinamentos de Sri Caitanya ao mundo moderno. Isso aconteceu pela vis\u00e3o de Sri Kedarnatha Bhaktivinoda, a qual foi implementada por Prabhupada Bhaktisiddhanta Saraswati Thakura na \u00cdndia e no exterior.<\/span><\/span><\/span><\/p><p class=\"western\" align=\"JUSTIFY\"><span style=\"color: #333333;\"><span style=\"font-family: Arial, sans-serif;\"><span style=\"font-size: medium;\">Seguindo os passos de Bhaktisiddhanta Saraswati, seu disc\u00edpulo Srila A. C. Bhaktivedanta Swami Prabhupada distribuiu as percep\u00e7\u00f5es de Thakura Bhaktivinoda por todo o mundo de uma maneira sem precedentes, abrindo centros e publicando literatura.<\/span><\/span><\/span><\/p><p class=\"western\" align=\"JUSTIFY\"><span style=\"color: #333333;\"><span style=\"font-family: Arial, sans-serif;\"><span style=\"font-size: medium;\">Ap\u00f3s o falecimento de Srila Bhaktivedanta Swami Prabhupada, Srila Bhakti Raksaka Sridhara Deva Goswami preservou a pureza de nossa linhagem e fomentou seu crescimento nos cora\u00e7\u00f5es de v\u00e1rios disc\u00edpulos seus e de Sri Bhaktivedanta Swami Prabhupada.<\/span><\/span><\/span><\/p><p class=\"western\" align=\"JUSTIFY\"><span style=\"color: #333333;\"><span style=\"font-family: Arial, sans-serif;\"><span style=\"font-size: medium;\">O ilustre fundador da Sri Caitanya Sangha, Sri Tridandi Swami Bhaktivedanta Tripurari, \u00e9 um de tais disc\u00edpulos diretos de Srila Bhaktivedanta Swami Prabhupada, que foi ainda mais aben\u00e7oado pela guia divina de Srila Bhakti Raksaka Sridhara Deva Goswami.<\/span><\/span><\/span><\/p><p class=\"western\" align=\"JUSTIFY\"><span style=\"color: #333333;\"><span style=\"font-family: Arial, Garuda, sans-serif;\"><span style=\"font-size: medium;\"><span style=\"font-family: Arial, sans-serif;\">(Artigo original em <a href=\"http:\/\/swamitripurari.com\/2009\/10\/spiritual-lineage\/\">http:\/\/swamitripurari.com\/2009\/10\/spiritual-lineage\/<\/a> )<\/span><\/span><\/span><\/span><\/p>\t\t\t\t\t\t\t\t<\/div>\n\t\t\t\t<\/div>\n\t\t\t\t\t<\/div>\n\t\t<\/div>\n\t\t\t\t\t<\/div>\n\t\t<\/section>\n\t\t\t\t<section class=\"elementor-section elementor-top-section elementor-element elementor-element-a90842e elementor-section-boxed elementor-section-height-default elementor-section-height-default wpr-particle-no wpr-jarallax-no wpr-parallax-no wpr-sticky-section-no\" data-id=\"a90842e\" data-element_type=\"section\" data-e-type=\"section\">\n\t\t\t\t\t\t<div class=\"elementor-container elementor-column-gap-default\">\n\t\t\t\t\t<div class=\"elementor-column elementor-col-50 elementor-top-column elementor-element elementor-element-34ceeb7\" data-id=\"34ceeb7\" data-element_type=\"column\" data-e-type=\"column\">\n\t\t\t<div class=\"elementor-widget-wrap elementor-element-populated\">\n\t\t\t\t\t\t<div class=\"elementor-element elementor-element-a6e9a8d elementor-widget elementor-widget-text-editor\" data-id=\"a6e9a8d\" data-element_type=\"widget\" data-e-type=\"widget\" data-widget_type=\"text-editor.default\">\n\t\t\t\t<div class=\"elementor-widget-container\">\n\t\t\t\t\t\t\t\t\t<h4>Anterior: <a href=\"https:\/\/swamitripurari.com.br\/index.php\/biografia\/\">Biografia<\/a><\/h4>\t\t\t\t\t\t\t\t<\/div>\n\t\t\t\t<\/div>\n\t\t\t\t\t<\/div>\n\t\t<\/div>\n\t\t\t\t<div class=\"elementor-column elementor-col-50 elementor-top-column elementor-element elementor-element-1345b07\" data-id=\"1345b07\" data-element_type=\"column\" data-e-type=\"column\">\n\t\t\t<div class=\"elementor-widget-wrap elementor-element-populated\">\n\t\t\t\t\t\t<div class=\"elementor-element elementor-element-c93daef elementor-widget elementor-widget-text-editor\" data-id=\"c93daef\" data-element_type=\"widget\" data-e-type=\"widget\" data-widget_type=\"text-editor.default\">\n\t\t\t\t<div class=\"elementor-widget-container\">\n\t\t\t\t\t\t\t\t\t<h4>Pr\u00f3ximo: <a href=\"https:\/\/swamitripurari.com.br\/index.php\/ensinamentos\/\">Ensinamentos<\/a><\/h4>\t\t\t\t\t\t\t\t<\/div>\n\t\t\t\t<\/div>\n\t\t\t\t\t<\/div>\n\t\t<\/div>\n\t\t\t\t\t<\/div>\n\t\t<\/section>\n\t\t\t\t<\/div>\n\t\t","protected":false},"excerpt":{"rendered":"<p>A linhagem espiritual da Sri Caitanya Sangha tra\u00e7a sua origem \u00e0 flauta de Sri Krishna, onde ele despeja seu sopro vital \u00e0 procura de seus&hellip;<\/p>\n","protected":false},"author":1,"featured_media":0,"parent":15,"menu_order":0,"comment_status":"closed","ping_status":"closed","template":"","meta":{"footnotes":""},"class_list":["post-49","page","type-page","status-publish","hentry"],"yoast_head":"<!-- This site is optimized with the Yoast SEO plugin v27.3 - https:\/\/yoast.com\/product\/yoast-seo-wordpress\/ -->\n<title>Linhagem Espiritual - Sw\u0101m\u012b B.V. Tripur\u0101ri<\/title>\n<meta name=\"robots\" content=\"index, follow, max-snippet:-1, max-image-preview:large, max-video-preview:-1\" \/>\n<link rel=\"canonical\" href=\"https:\/\/swamitripurari.com.br\/index.php\/sobre\/linhagem-espiritual\/\" \/>\n<meta property=\"og:locale\" content=\"en_US\" \/>\n<meta property=\"og:type\" content=\"article\" \/>\n<meta property=\"og:title\" content=\"Linhagem Espiritual - Sw\u0101m\u012b B.V. Tripur\u0101ri\" \/>\n<meta property=\"og:description\" content=\"A linhagem espiritual da Sri Caitanya Sangha tra\u00e7a sua origem \u00e0 flauta de Sri Krishna, onde ele despeja seu sopro vital \u00e0 procura de seus&hellip;\" \/>\n<meta property=\"og:url\" content=\"https:\/\/swamitripurari.com.br\/index.php\/sobre\/linhagem-espiritual\/\" \/>\n<meta property=\"og:site_name\" content=\"Sw\u0101m\u012b B.V. Tripur\u0101ri\" \/>\n<meta property=\"article:modified_time\" content=\"2023-06-11T21:20:00+00:00\" \/>\n<meta property=\"og:image\" content=\"http:\/\/swamitripurari.com.br\/wp-content\/uploads\/2023\/05\/kavari580-linhagem-espiritual-novo.jpg\" \/>\n<meta name=\"twitter:card\" content=\"summary_large_image\" \/>\n<meta name=\"twitter:label1\" content=\"Est. reading time\" \/>\n\t<meta name=\"twitter:data1\" content=\"3 minutes\" \/>\n<script type=\"application\/ld+json\" class=\"yoast-schema-graph\">{\"@context\":\"https:\\\/\\\/schema.org\",\"@graph\":[{\"@type\":\"WebPage\",\"@id\":\"https:\\\/\\\/swamitripurari.com.br\\\/index.php\\\/sobre\\\/linhagem-espiritual\\\/\",\"url\":\"https:\\\/\\\/swamitripurari.com.br\\\/index.php\\\/sobre\\\/linhagem-espiritual\\\/\",\"name\":\"Linhagem Espiritual - Sw\u0101m\u012b B.V. Tripur\u0101ri\",\"isPartOf\":{\"@id\":\"https:\\\/\\\/swamitripurari.com.br\\\/#website\"},\"primaryImageOfPage\":{\"@id\":\"https:\\\/\\\/swamitripurari.com.br\\\/index.php\\\/sobre\\\/linhagem-espiritual\\\/#primaryimage\"},\"image\":{\"@id\":\"https:\\\/\\\/swamitripurari.com.br\\\/index.php\\\/sobre\\\/linhagem-espiritual\\\/#primaryimage\"},\"thumbnailUrl\":\"http:\\\/\\\/swamitripurari.com.br\\\/wp-content\\\/uploads\\\/2023\\\/05\\\/kavari580-linhagem-espiritual-novo.jpg\",\"datePublished\":\"2023-03-17T20:59:13+00:00\",\"dateModified\":\"2023-06-11T21:20:00+00:00\",\"breadcrumb\":{\"@id\":\"https:\\\/\\\/swamitripurari.com.br\\\/index.php\\\/sobre\\\/linhagem-espiritual\\\/#breadcrumb\"},\"inLanguage\":\"en-US\",\"potentialAction\":[{\"@type\":\"ReadAction\",\"target\":[\"https:\\\/\\\/swamitripurari.com.br\\\/index.php\\\/sobre\\\/linhagem-espiritual\\\/\"]}]},{\"@type\":\"ImageObject\",\"inLanguage\":\"en-US\",\"@id\":\"https:\\\/\\\/swamitripurari.com.br\\\/index.php\\\/sobre\\\/linhagem-espiritual\\\/#primaryimage\",\"url\":\"http:\\\/\\\/swamitripurari.com.br\\\/wp-content\\\/uploads\\\/2023\\\/05\\\/kavari580-linhagem-espiritual-novo.jpg\",\"contentUrl\":\"http:\\\/\\\/swamitripurari.com.br\\\/wp-content\\\/uploads\\\/2023\\\/05\\\/kavari580-linhagem-espiritual-novo.jpg\"},{\"@type\":\"BreadcrumbList\",\"@id\":\"https:\\\/\\\/swamitripurari.com.br\\\/index.php\\\/sobre\\\/linhagem-espiritual\\\/#breadcrumb\",\"itemListElement\":[{\"@type\":\"ListItem\",\"position\":1,\"name\":\"In\u00edcio\",\"item\":\"https:\\\/\\\/swamitripurari.com.br\\\/\"},{\"@type\":\"ListItem\",\"position\":2,\"name\":\"Sobre\",\"item\":\"https:\\\/\\\/swamitripurari.com.br\\\/index.php\\\/sobre\\\/\"},{\"@type\":\"ListItem\",\"position\":3,\"name\":\"Linhagem Espiritual\"}]},{\"@type\":\"WebSite\",\"@id\":\"https:\\\/\\\/swamitripurari.com.br\\\/#website\",\"url\":\"https:\\\/\\\/swamitripurari.com.br\\\/\",\"name\":\"Sw\u0101m\u012b B.V. Tripur\u0101ri\",\"description\":\"em Portugu\u00eas\",\"publisher\":{\"@id\":\"https:\\\/\\\/swamitripurari.com.br\\\/#\\\/schema\\\/person\\\/a1281092888d395323a1fdd49a08b635\"},\"potentialAction\":[{\"@type\":\"SearchAction\",\"target\":{\"@type\":\"EntryPoint\",\"urlTemplate\":\"https:\\\/\\\/swamitripurari.com.br\\\/?s={search_term_string}\"},\"query-input\":{\"@type\":\"PropertyValueSpecification\",\"valueRequired\":true,\"valueName\":\"search_term_string\"}}],\"inLanguage\":\"en-US\"},{\"@type\":[\"Person\",\"Organization\"],\"@id\":\"https:\\\/\\\/swamitripurari.com.br\\\/#\\\/schema\\\/person\\\/a1281092888d395323a1fdd49a08b635\",\"name\":\"swamitripurari.br@gmail.com\",\"image\":{\"@type\":\"ImageObject\",\"inLanguage\":\"en-US\",\"@id\":\"https:\\\/\\\/secure.gravatar.com\\\/avatar\\\/cad203b778ea38a43ccc414a4e66414fd63507677ed1365c1d88a0e2612c7da8?s=96&d=mm&r=g\",\"url\":\"https:\\\/\\\/secure.gravatar.com\\\/avatar\\\/cad203b778ea38a43ccc414a4e66414fd63507677ed1365c1d88a0e2612c7da8?s=96&d=mm&r=g\",\"contentUrl\":\"https:\\\/\\\/secure.gravatar.com\\\/avatar\\\/cad203b778ea38a43ccc414a4e66414fd63507677ed1365c1d88a0e2612c7da8?s=96&d=mm&r=g\",\"caption\":\"swamitripurari.br@gmail.com\"},\"logo\":{\"@id\":\"https:\\\/\\\/secure.gravatar.com\\\/avatar\\\/cad203b778ea38a43ccc414a4e66414fd63507677ed1365c1d88a0e2612c7da8?s=96&d=mm&r=g\"},\"sameAs\":[\"http:\\\/\\\/swamitripurari.com.br\"]}]}<\/script>\n<!-- \/ Yoast SEO plugin. -->","yoast_head_json":{"title":"Linhagem Espiritual - Sw\u0101m\u012b B.V. Tripur\u0101ri","robots":{"index":"index","follow":"follow","max-snippet":"max-snippet:-1","max-image-preview":"max-image-preview:large","max-video-preview":"max-video-preview:-1"},"canonical":"https:\/\/swamitripurari.com.br\/index.php\/sobre\/linhagem-espiritual\/","og_locale":"en_US","og_type":"article","og_title":"Linhagem Espiritual - Sw\u0101m\u012b B.V. Tripur\u0101ri","og_description":"A linhagem espiritual da Sri Caitanya Sangha tra\u00e7a sua origem \u00e0 flauta de Sri Krishna, onde ele despeja seu sopro vital \u00e0 procura de seus&hellip;","og_url":"https:\/\/swamitripurari.com.br\/index.php\/sobre\/linhagem-espiritual\/","og_site_name":"Sw\u0101m\u012b B.V. Tripur\u0101ri","article_modified_time":"2023-06-11T21:20:00+00:00","og_image":[{"url":"http:\/\/swamitripurari.com.br\/wp-content\/uploads\/2023\/05\/kavari580-linhagem-espiritual-novo.jpg","type":"","width":"","height":""}],"twitter_card":"summary_large_image","twitter_misc":{"Est. reading time":"3 minutes"},"schema":{"@context":"https:\/\/schema.org","@graph":[{"@type":"WebPage","@id":"https:\/\/swamitripurari.com.br\/index.php\/sobre\/linhagem-espiritual\/","url":"https:\/\/swamitripurari.com.br\/index.php\/sobre\/linhagem-espiritual\/","name":"Linhagem Espiritual - Sw\u0101m\u012b B.V. Tripur\u0101ri","isPartOf":{"@id":"https:\/\/swamitripurari.com.br\/#website"},"primaryImageOfPage":{"@id":"https:\/\/swamitripurari.com.br\/index.php\/sobre\/linhagem-espiritual\/#primaryimage"},"image":{"@id":"https:\/\/swamitripurari.com.br\/index.php\/sobre\/linhagem-espiritual\/#primaryimage"},"thumbnailUrl":"http:\/\/swamitripurari.com.br\/wp-content\/uploads\/2023\/05\/kavari580-linhagem-espiritual-novo.jpg","datePublished":"2023-03-17T20:59:13+00:00","dateModified":"2023-06-11T21:20:00+00:00","breadcrumb":{"@id":"https:\/\/swamitripurari.com.br\/index.php\/sobre\/linhagem-espiritual\/#breadcrumb"},"inLanguage":"en-US","potentialAction":[{"@type":"ReadAction","target":["https:\/\/swamitripurari.com.br\/index.php\/sobre\/linhagem-espiritual\/"]}]},{"@type":"ImageObject","inLanguage":"en-US","@id":"https:\/\/swamitripurari.com.br\/index.php\/sobre\/linhagem-espiritual\/#primaryimage","url":"http:\/\/swamitripurari.com.br\/wp-content\/uploads\/2023\/05\/kavari580-linhagem-espiritual-novo.jpg","contentUrl":"http:\/\/swamitripurari.com.br\/wp-content\/uploads\/2023\/05\/kavari580-linhagem-espiritual-novo.jpg"},{"@type":"BreadcrumbList","@id":"https:\/\/swamitripurari.com.br\/index.php\/sobre\/linhagem-espiritual\/#breadcrumb","itemListElement":[{"@type":"ListItem","position":1,"name":"In\u00edcio","item":"https:\/\/swamitripurari.com.br\/"},{"@type":"ListItem","position":2,"name":"Sobre","item":"https:\/\/swamitripurari.com.br\/index.php\/sobre\/"},{"@type":"ListItem","position":3,"name":"Linhagem Espiritual"}]},{"@type":"WebSite","@id":"https:\/\/swamitripurari.com.br\/#website","url":"https:\/\/swamitripurari.com.br\/","name":"Sw\u0101m\u012b B.V. Tripur\u0101ri","description":"em Portugu\u00eas","publisher":{"@id":"https:\/\/swamitripurari.com.br\/#\/schema\/person\/a1281092888d395323a1fdd49a08b635"},"potentialAction":[{"@type":"SearchAction","target":{"@type":"EntryPoint","urlTemplate":"https:\/\/swamitripurari.com.br\/?s={search_term_string}"},"query-input":{"@type":"PropertyValueSpecification","valueRequired":true,"valueName":"search_term_string"}}],"inLanguage":"en-US"},{"@type":["Person","Organization"],"@id":"https:\/\/swamitripurari.com.br\/#\/schema\/person\/a1281092888d395323a1fdd49a08b635","name":"swamitripurari.br@gmail.com","image":{"@type":"ImageObject","inLanguage":"en-US","@id":"https:\/\/secure.gravatar.com\/avatar\/cad203b778ea38a43ccc414a4e66414fd63507677ed1365c1d88a0e2612c7da8?s=96&d=mm&r=g","url":"https:\/\/secure.gravatar.com\/avatar\/cad203b778ea38a43ccc414a4e66414fd63507677ed1365c1d88a0e2612c7da8?s=96&d=mm&r=g","contentUrl":"https:\/\/secure.gravatar.com\/avatar\/cad203b778ea38a43ccc414a4e66414fd63507677ed1365c1d88a0e2612c7da8?s=96&d=mm&r=g","caption":"swamitripurari.br@gmail.com"},"logo":{"@id":"https:\/\/secure.gravatar.com\/avatar\/cad203b778ea38a43ccc414a4e66414fd63507677ed1365c1d88a0e2612c7da8?s=96&d=mm&r=g"},"sameAs":["http:\/\/swamitripurari.com.br"]}]}},"_links":{"self":[{"href":"https:\/\/swamitripurari.com.br\/index.php\/wp-json\/wp\/v2\/pages\/49","targetHints":{"allow":["GET"]}}],"collection":[{"href":"https:\/\/swamitripurari.com.br\/index.php\/wp-json\/wp\/v2\/pages"}],"about":[{"href":"https:\/\/swamitripurari.com.br\/index.php\/wp-json\/wp\/v2\/types\/page"}],"author":[{"embeddable":true,"href":"https:\/\/swamitripurari.com.br\/index.php\/wp-json\/wp\/v2\/users\/1"}],"replies":[{"embeddable":true,"href":"https:\/\/swamitripurari.com.br\/index.php\/wp-json\/wp\/v2\/comments?post=49"}],"version-history":[{"count":28,"href":"https:\/\/swamitripurari.com.br\/index.php\/wp-json\/wp\/v2\/pages\/49\/revisions"}],"predecessor-version":[{"id":719,"href":"https:\/\/swamitripurari.com.br\/index.php\/wp-json\/wp\/v2\/pages\/49\/revisions\/719"}],"up":[{"embeddable":true,"href":"https:\/\/swamitripurari.com.br\/index.php\/wp-json\/wp\/v2\/pages\/15"}],"wp:attachment":[{"href":"https:\/\/swamitripurari.com.br\/index.php\/wp-json\/wp\/v2\/media?parent=49"}],"curies":[{"name":"wp","href":"https:\/\/api.w.org\/{rel}","templated":true}]}}